{"id":1132,"date":"2025-11-09T09:21:34","date_gmt":"2025-11-09T12:21:34","guid":{"rendered":"https:\/\/tecklab.com.br\/temporario1\/?post_type=product&#038;p=1132"},"modified":"2025-11-22T15:15:14","modified_gmt":"2025-11-22T18:15:14","slug":"metropole-cement-72096","status":"publish","type":"product","link":"https:\/\/tecklab.com.br\/temporario1\/produto\/metropole-cement-72096\/","title":{"rendered":"Metropole Cement &#8211; 72096"},"content":{"rendered":"<div>\n<h2>Descri\u00e7\u00e3o do produto<\/h2>\n<\/div>\n<table>\n<tbody>\n<tr>\n<td><strong>Nome:<\/strong><\/td>\n<td>Metropole Cement<\/td>\n<\/tr>\n<tr>\n<td><strong>C\u00f3digo:<\/strong><\/td>\n<td>72096<\/td>\n<\/tr>\n<tr>\n<td><strong>Piso ou Parede:<\/strong><\/td>\n<td>Parede, Piso<\/td>\n<\/tr>\n<tr>\n<td><strong>Tamanho:<\/strong><\/td>\n<td>72 x 72 cm<\/td>\n<\/tr>\n<tr>\n<td><strong>Quantidade de faces:<\/strong><\/td>\n<td>3<\/td>\n<\/tr>\n<tr>\n<td><strong>Local de Uso:<\/strong><\/td>\n<td>Residencial e comercial (m\u00e9dio\/alto)<\/td>\n<\/tr>\n<tr>\n<td><strong>Linha<\/strong><\/td>\n<td>Cimento<\/td>\n<\/tr>\n<tr>\n<td><strong>Tipologia:<\/strong><\/td>\n<td>Esmaltado Acetinado<\/td>\n<\/tr>\n<tr>\n<td><strong>m\u00b2 por Caixa:<\/strong><\/td>\n<td>2,59<\/td>\n<\/tr>\n<tr>\n<td><strong>Varia\u00e7\u00e3o de Tonalidade e Desenho:<\/strong><\/td>\n<td>V2<\/td>\n<\/tr>\n<tr>\n<td><strong>Retificado:<\/strong><\/td>\n<td>Sim<\/td>\n<\/tr>\n<tr>\n<td><strong>Pe\u00e7as por Caixa:<\/strong><\/td>\n<td>5<\/td>\n<\/tr>\n<tr>\n<td><strong>Junta M\u00ednima:<\/strong><\/td>\n<td>2 mm<\/td>\n<\/tr>\n<\/tbody>\n<\/table>\n","protected":false},"excerpt":{"rendered":"<p>Descri\u00e7\u00e3o do produto Nome: Metropole Cement C\u00f3digo: 72096 Piso ou Parede: Parede, Piso Tamanho: 72 x 72 cm Quantidade de faces: 3 Local de Uso: Residencial e comercial (m\u00e9dio\/alto) Linha Cimento Tipologia: Esmaltado Acetinado m\u00b2 por Caixa: 2,59 Varia\u00e7\u00e3o de Tonalidade e Desenho: V2 Retificado: Sim Pe\u00e7as por Caixa: 5 Junta M\u00ednima: 2 mm<\/p>\n","protected":false},"featured_media":1133,"comment_status":"open","ping_status":"closed","template":"","meta":[],"product_brand":[81],"product_cat":[38,49,50,21,58],"product_tag":[108],"class_list":{"0":"post-1132","1":"product","2":"type-product","3":"status-publish","4":"has-post-thumbnail","6":"product_brand-via-rosa-lef-rox","7":"product_cat-acetinados","8":"product_cat-parede","9":"product_cat-piso","10":"product_cat-pisos-e-porcelanatos","11":"product_cat-retificados","12":"product_tag-cimento","14":"first","15":"instock","16":"shipping-taxable","17":"product-type-simple"},"_links":{"self":[{"href":"https:\/\/tecklab.com.br\/temporario1\/wp-json\/wp\/v2\/product\/1132","targetHints":{"allow":["GET"]}}],"collection":[{"href":"https:\/\/tecklab.com.br\/temporario1\/wp-json\/wp\/v2\/product"}],"about":[{"href":"https:\/\/tecklab.com.br\/temporario1\/wp-json\/wp\/v2\/types\/product"}],"replies":[{"embeddable":true,"href":"https:\/\/tecklab.com.br\/temporario1\/wp-json\/wp\/v2\/comments?post=1132"}],"wp:featuredmedia":[{"embeddable":true,"href":"https:\/\/tecklab.com.br\/temporario1\/wp-json\/wp\/v2\/media\/1133"}],"wp:attachment":[{"href":"https:\/\/tecklab.com.br\/temporario1\/wp-json\/wp\/v2\/media?parent=1132"}],"wp:term":[{"taxonomy":"product_brand","embeddable":true,"href":"https:\/\/tecklab.com.br\/temporario1\/wp-json\/wp\/v2\/product_brand?post=1132"},{"taxonomy":"product_cat","embeddable":true,"href":"https:\/\/tecklab.com.br\/temporario1\/wp-json\/wp\/v2\/product_cat?post=1132"},{"taxonomy":"product_tag","embeddable":true,"href":"https:\/\/tecklab.com.br\/temporario1\/wp-json\/wp\/v2\/product_tag?post=1132"}],"curies":[{"name":"wp","href":"https:\/\/api.w.org\/{rel}","templated":true}]}}