{"id":1266,"date":"2025-11-24T18:44:59","date_gmt":"2025-11-24T21:44:59","guid":{"rendered":"https:\/\/tecklab.com.br\/temporario1\/?post_type=product&#038;p=1266"},"modified":"2025-11-24T18:55:05","modified_gmt":"2025-11-24T21:55:05","slug":"tulha-rustico-8146","status":"publish","type":"product","link":"https:\/\/tecklab.com.br\/temporario1\/produto\/tulha-rustico-8146\/","title":{"rendered":"Tulha R\u00fastico &#8211; 8146"},"content":{"rendered":"<div>\n<h2 class=\"heading-24 givonic w-700 mb-4\">Descri\u00e7\u00e3o do produto<\/h2>\n<\/div>\n<table>\n<tbody>\n<tr>\n<td><strong>Nome:<\/strong><\/td>\n<td>\u00a0Tulha R\u00fastico<\/td>\n<\/tr>\n<tr>\n<td><strong>C\u00f3digo:<\/strong><\/td>\n<td>8146<\/td>\n<\/tr>\n<tr>\n<td><strong>Piso ou Parede:<\/strong><\/td>\n<td>Piso, Parede<\/td>\n<\/tr>\n<tr>\n<td><strong>Tamanho:<\/strong><\/td>\n<td>28,8x119cm<\/td>\n<\/tr>\n<tr>\n<td><strong>Quantidade de faces:<\/strong><\/td>\n<td>20<\/td>\n<\/tr>\n<tr>\n<td><strong>Local de Uso:<\/strong><\/td>\n<td>Piso de \u00e1reas internas e externas, residenciais e comerciais, para uso em: Varandas e Sacadas, Churrasqueiras, Fachadas, Piscinas Interior, Paredes Internas, Cozinhas, Quartos, Salas, Banheiros Box, Banheiros Fora Box, Garagens, Escadas.<\/td>\n<\/tr>\n<tr>\n<td><strong>Linha<\/strong><\/td>\n<td><\/td>\n<\/tr>\n<tr>\n<td><strong>Tipologia:<\/strong><\/td>\n<td>R\u00fastico<\/td>\n<\/tr>\n<tr>\n<td><strong>m\u00b2 por Caixa:<\/strong><\/td>\n<td>1,03<\/td>\n<\/tr>\n<tr>\n<td><strong>Varia\u00e7\u00e3o de Tonalidade e Desenho:<\/strong><\/td>\n<td>V4 &#8211; VARIA\u00c7\u00c3O ALTA: Pe\u00e7as podem ser totalmente diferentes, permanecendo um conjunto harm\u00f4nico.<\/td>\n<\/tr>\n<tr>\n<td><strong>Retificado:<\/strong><\/td>\n<td>Sim<\/td>\n<\/tr>\n<tr>\n<td><strong>Pe\u00e7as por Caixa:<\/strong><\/td>\n<td>3<\/td>\n<\/tr>\n<tr>\n<td><strong>Junta M\u00ednima:<\/strong><\/td>\n<td>Junta Seca<\/td>\n<\/tr>\n<\/tbody>\n<\/table>\n","protected":false},"excerpt":{"rendered":"<p>Descri\u00e7\u00e3o do produto Nome: \u00a0Tulha R\u00fastico C\u00f3digo: 8146 Piso ou Parede: Piso, Parede Tamanho: 28,8x119cm Quantidade de faces: 20 Local de Uso: Piso de \u00e1reas internas e externas, residenciais e comerciais, para uso em: Varandas e Sacadas, Churrasqueiras, Fachadas, Piscinas Interior, Paredes Internas, Cozinhas, Quartos, Salas, Banheiros Box, Banheiros Fora Box, Garagens, Escadas. Linha Tipologia: [&hellip;]<\/p>\n","protected":false},"featured_media":1267,"comment_status":"open","ping_status":"closed","template":"","meta":[],"product_brand":[110],"product_cat":[49,50,21,58,75],"product_tag":[],"class_list":{"0":"post-1266","1":"product","2":"type-product","3":"status-publish","4":"has-post-thumbnail","6":"product_brand-ceusa","7":"product_cat-parede","8":"product_cat-piso","9":"product_cat-pisos-e-porcelanatos","10":"product_cat-retificados","11":"product_cat-rusticos","13":"first","14":"instock","15":"shipping-taxable","16":"product-type-simple"},"_links":{"self":[{"href":"https:\/\/tecklab.com.br\/temporario1\/wp-json\/wp\/v2\/product\/1266","targetHints":{"allow":["GET"]}}],"collection":[{"href":"https:\/\/tecklab.com.br\/temporario1\/wp-json\/wp\/v2\/product"}],"about":[{"href":"https:\/\/tecklab.com.br\/temporario1\/wp-json\/wp\/v2\/types\/product"}],"replies":[{"embeddable":true,"href":"https:\/\/tecklab.com.br\/temporario1\/wp-json\/wp\/v2\/comments?post=1266"}],"wp:featuredmedia":[{"embeddable":true,"href":"https:\/\/tecklab.com.br\/temporario1\/wp-json\/wp\/v2\/media\/1267"}],"wp:attachment":[{"href":"https:\/\/tecklab.com.br\/temporario1\/wp-json\/wp\/v2\/media?parent=1266"}],"wp:term":[{"taxonomy":"product_brand","embeddable":true,"href":"https:\/\/tecklab.com.br\/temporario1\/wp-json\/wp\/v2\/product_brand?post=1266"},{"taxonomy":"product_cat","embeddable":true,"href":"https:\/\/tecklab.com.br\/temporario1\/wp-json\/wp\/v2\/product_cat?post=1266"},{"taxonomy":"product_tag","embeddable":true,"href":"https:\/\/tecklab.com.br\/temporario1\/wp-json\/wp\/v2\/product_tag?post=1266"}],"curies":[{"name":"wp","href":"https:\/\/api.w.org\/{rel}","templated":true}]}}