{"id":1385,"date":"2025-11-30T10:57:08","date_gmt":"2025-11-30T13:57:08","guid":{"rendered":"https:\/\/tecklab.com.br\/temporario1\/?post_type=product&#038;p=1385"},"modified":"2025-11-30T11:04:03","modified_gmt":"2025-11-30T14:04:03","slug":"hd-5727","status":"publish","type":"product","link":"https:\/\/tecklab.com.br\/temporario1\/produto\/hd-5727\/","title":{"rendered":"HD &#8211; 5727"},"content":{"rendered":"<div>\n<h2 class=\"heading-24 givonic w-700 mb-4\">Descri\u00e7\u00e3o do produto<\/h2>\n<\/div>\n<table>\n<tbody>\n<tr>\n<td><strong>Nome:<\/strong><\/td>\n<td>HD<\/td>\n<\/tr>\n<tr>\n<td><strong>C\u00f3digo:<\/strong><\/td>\n<td>5727<\/td>\n<\/tr>\n<tr>\n<td><strong>Piso ou Parede:<\/strong><\/td>\n<td>Parede, Piso<\/td>\n<\/tr>\n<tr>\n<td><strong>Tamanho:<\/strong><\/td>\n<td>58&#215;58 cm<\/td>\n<\/tr>\n<tr>\n<td><strong>Quantidade de faces:<\/strong><\/td>\n<td>2<\/td>\n<\/tr>\n<tr>\n<td><strong>Local de Uso:<\/strong><\/td>\n<td>LD &#8211; Indicado para uso como piso em todos ambientes residenciais cobertos. Tamb\u00e9m pode ser utilizado em locais\u00a0LA, LB e LC.<\/td>\n<\/tr>\n<tr>\n<td><strong>Linha<\/strong><\/td>\n<td><\/td>\n<\/tr>\n<tr>\n<td><strong>Tipologia:<\/strong><\/td>\n<td>Gotejado<\/td>\n<\/tr>\n<tr>\n<td><strong>m\u00b2 por Caixa:<\/strong><\/td>\n<td>2,32<\/td>\n<\/tr>\n<tr>\n<td><strong>Varia\u00e7\u00e3o de Tonalidade e Desenho:<\/strong><\/td>\n<td>V3 &#8211; Varia\u00e7\u00e3o Moderada<\/td>\n<\/tr>\n<tr>\n<td><strong>Retificado:<\/strong><\/td>\n<td>N\u00e3o<\/td>\n<\/tr>\n<tr>\n<td><strong>Pe\u00e7as por Caixa:<\/strong><\/td>\n<td>7<\/td>\n<\/tr>\n<tr>\n<td><strong>Junta M\u00ednima:<\/strong><\/td>\n<td>5 mm<\/td>\n<\/tr>\n<\/tbody>\n<\/table>\n","protected":false},"excerpt":{"rendered":"<p>Descri\u00e7\u00e3o do produto Nome: HD C\u00f3digo: 5727 Piso ou Parede: Parede, Piso Tamanho: 58&#215;58 cm Quantidade de faces: 2 Local de Uso: LD &#8211; Indicado para uso como piso em todos ambientes residenciais cobertos. Tamb\u00e9m pode ser utilizado em locais\u00a0LA, LB e LC. Linha Tipologia: Gotejado m\u00b2 por Caixa: 2,32 Varia\u00e7\u00e3o de Tonalidade e Desenho: [&hellip;]<\/p>\n","protected":false},"featured_media":1386,"comment_status":"open","ping_status":"closed","template":"","meta":[],"product_brand":[120],"product_cat":[121,59,49,50,21],"product_tag":[],"class_list":{"0":"post-1385","1":"product","2":"type-product","3":"status-publish","4":"has-post-thumbnail","6":"product_brand-cedasa-majopar","7":"product_cat-gotejado","8":"product_cat-nao-retificados","9":"product_cat-parede","10":"product_cat-piso","11":"product_cat-pisos-e-porcelanatos","13":"first","14":"instock","15":"shipping-taxable","16":"product-type-simple"},"_links":{"self":[{"href":"https:\/\/tecklab.com.br\/temporario1\/wp-json\/wp\/v2\/product\/1385","targetHints":{"allow":["GET"]}}],"collection":[{"href":"https:\/\/tecklab.com.br\/temporario1\/wp-json\/wp\/v2\/product"}],"about":[{"href":"https:\/\/tecklab.com.br\/temporario1\/wp-json\/wp\/v2\/types\/product"}],"replies":[{"embeddable":true,"href":"https:\/\/tecklab.com.br\/temporario1\/wp-json\/wp\/v2\/comments?post=1385"}],"wp:featuredmedia":[{"embeddable":true,"href":"https:\/\/tecklab.com.br\/temporario1\/wp-json\/wp\/v2\/media\/1386"}],"wp:attachment":[{"href":"https:\/\/tecklab.com.br\/temporario1\/wp-json\/wp\/v2\/media?parent=1385"}],"wp:term":[{"taxonomy":"product_brand","embeddable":true,"href":"https:\/\/tecklab.com.br\/temporario1\/wp-json\/wp\/v2\/product_brand?post=1385"},{"taxonomy":"product_cat","embeddable":true,"href":"https:\/\/tecklab.com.br\/temporario1\/wp-json\/wp\/v2\/product_cat?post=1385"},{"taxonomy":"product_tag","embeddable":true,"href":"https:\/\/tecklab.com.br\/temporario1\/wp-json\/wp\/v2\/product_tag?post=1385"}],"curies":[{"name":"wp","href":"https:\/\/api.w.org\/{rel}","templated":true}]}}