{"id":1406,"date":"2025-11-30T11:27:18","date_gmt":"2025-11-30T14:27:18","guid":{"rendered":"https:\/\/tecklab.com.br\/temporario1\/?post_type=product&#038;p=1406"},"modified":"2025-11-30T11:35:55","modified_gmt":"2025-11-30T14:35:55","slug":"taiko-marfim-0629","status":"publish","type":"product","link":"https:\/\/tecklab.com.br\/temporario1\/produto\/taiko-marfim-0629\/","title":{"rendered":"Taiko Marfim &#8211; 0629"},"content":{"rendered":"<div>\n<h2 class=\"heading-24 givonic w-700 mb-4\">Descri\u00e7\u00e3o do produto<\/h2>\n<\/div>\n<table>\n<tbody>\n<tr>\n<td><strong>Nome:<\/strong><\/td>\n<td>Taiko Marfim<\/td>\n<\/tr>\n<tr>\n<td><strong>C\u00f3digo:<\/strong><\/td>\n<td>0629<\/td>\n<\/tr>\n<tr>\n<td><strong>Piso ou Parede:<\/strong><\/td>\n<td>Parede<\/td>\n<\/tr>\n<tr>\n<td><strong>Tamanho:<\/strong><\/td>\n<td>33 x 59 cm<\/td>\n<\/tr>\n<tr>\n<td><strong>Quantidade de faces:<\/strong><\/td>\n<td>4<\/td>\n<\/tr>\n<tr>\n<td><strong>Local de Uso:<\/strong><\/td>\n<td>\u00a0LC &#8211; Indicado para ambientes residenciais e ambientes comerciais internos.<\/td>\n<\/tr>\n<tr>\n<td><strong>Linha<\/strong><\/td>\n<td><\/td>\n<\/tr>\n<tr>\n<td><strong>Tipologia:<\/strong><\/td>\n<td>Acetinado<\/td>\n<\/tr>\n<tr>\n<td><strong>m\u00b2 por Caixa:<\/strong><\/td>\n<td><\/td>\n<\/tr>\n<tr>\n<td><strong>Varia\u00e7\u00e3o de Tonalidade e Desenho:<\/strong><\/td>\n<td><\/td>\n<\/tr>\n<tr>\n<td><strong>Retificado:<\/strong><\/td>\n<td>Sim<\/td>\n<\/tr>\n<tr>\n<td><strong>Pe\u00e7as por Caixa:<\/strong><\/td>\n<td><\/td>\n<\/tr>\n<tr>\n<td><strong>Junta M\u00ednima:<\/strong><\/td>\n<td><\/td>\n<\/tr>\n<\/tbody>\n<\/table>\n","protected":false},"excerpt":{"rendered":"<p>Descri\u00e7\u00e3o do produto Nome: Taiko Marfim C\u00f3digo: 0629 Piso ou Parede: Parede Tamanho: 33 x 59 cm Quantidade de faces: 4 Local de Uso: \u00a0LC &#8211; Indicado para ambientes residenciais e ambientes comerciais internos. Linha Tipologia: Acetinado m\u00b2 por Caixa: Varia\u00e7\u00e3o de Tonalidade e Desenho: Retificado: Sim Pe\u00e7as por Caixa: Junta M\u00ednima:<\/p>\n","protected":false},"featured_media":1407,"comment_status":"open","ping_status":"closed","template":"","meta":[],"product_brand":[120],"product_cat":[38,49,21,58],"product_tag":[],"class_list":{"0":"post-1406","1":"product","2":"type-product","3":"status-publish","4":"has-post-thumbnail","6":"product_brand-cedasa-majopar","7":"product_cat-acetinados","8":"product_cat-parede","9":"product_cat-pisos-e-porcelanatos","10":"product_cat-retificados","12":"first","13":"instock","14":"shipping-taxable","15":"product-type-simple"},"_links":{"self":[{"href":"https:\/\/tecklab.com.br\/temporario1\/wp-json\/wp\/v2\/product\/1406","targetHints":{"allow":["GET"]}}],"collection":[{"href":"https:\/\/tecklab.com.br\/temporario1\/wp-json\/wp\/v2\/product"}],"about":[{"href":"https:\/\/tecklab.com.br\/temporario1\/wp-json\/wp\/v2\/types\/product"}],"replies":[{"embeddable":true,"href":"https:\/\/tecklab.com.br\/temporario1\/wp-json\/wp\/v2\/comments?post=1406"}],"wp:featuredmedia":[{"embeddable":true,"href":"https:\/\/tecklab.com.br\/temporario1\/wp-json\/wp\/v2\/media\/1407"}],"wp:attachment":[{"href":"https:\/\/tecklab.com.br\/temporario1\/wp-json\/wp\/v2\/media?parent=1406"}],"wp:term":[{"taxonomy":"product_brand","embeddable":true,"href":"https:\/\/tecklab.com.br\/temporario1\/wp-json\/wp\/v2\/product_brand?post=1406"},{"taxonomy":"product_cat","embeddable":true,"href":"https:\/\/tecklab.com.br\/temporario1\/wp-json\/wp\/v2\/product_cat?post=1406"},{"taxonomy":"product_tag","embeddable":true,"href":"https:\/\/tecklab.com.br\/temporario1\/wp-json\/wp\/v2\/product_tag?post=1406"}],"curies":[{"name":"wp","href":"https:\/\/api.w.org\/{rel}","templated":true}]}}