{"id":2148,"date":"2026-04-07T19:23:23","date_gmt":"2026-04-07T22:23:23","guid":{"rendered":"https:\/\/tecklab.com.br\/temporario1\/?post_type=product&#038;p=2148"},"modified":"2026-04-07T19:36:15","modified_gmt":"2026-04-07T22:36:15","slug":"banheira-milano","status":"publish","type":"product","link":"https:\/\/tecklab.com.br\/temporario1\/produto\/banheira-milano\/","title":{"rendered":"Banheira Milano"},"content":{"rendered":"<div>\n<h2 class=\"heading-24 givonic w-700 mb-4\">Descri\u00e7\u00e3o do produto<\/h2>\n<\/div>\n<p>A Banheira de Imers\u00e3o Milano \u00e9 feita em acr\u00edlico, com design moderno, a escolha perfeita para sua obra. Com 3 op\u00e7\u00f5es de dimens\u00f5es: 150 x 71, 170 x 72, 180 x 73, profundidade variando entre 72 e 74 cm. Itens de s\u00e9rie: estrutura met\u00e1lica autoportante, fechamento lateral, ladr\u00e3o e v\u00e1lvula de escoamento. Capacidades para 150, 210 e 225 litros. OBS: Consultar tamanhos disponiveis em estoque<\/p>\n","protected":false},"excerpt":{"rendered":"<p>Descri\u00e7\u00e3o do produto A Banheira de Imers\u00e3o Milano \u00e9 feita em acr\u00edlico, com design moderno, a escolha perfeita para sua obra. Com 3 op\u00e7\u00f5es de dimens\u00f5es: 150 x 71, 170 x 72, 180 x 73, profundidade variando entre 72 e 74 cm. Itens de s\u00e9rie: estrutura met\u00e1lica autoportante, fechamento lateral, ladr\u00e3o e v\u00e1lvula de escoamento. [&hellip;]<\/p>\n","protected":false},"featured_media":2149,"comment_status":"open","ping_status":"closed","template":"","meta":[],"product_brand":[126],"product_cat":[29],"product_tag":[],"class_list":{"0":"post-2148","1":"product","2":"type-product","3":"status-publish","4":"has-post-thumbnail","6":"product_brand-aquaplas","7":"product_cat-spas-e-banheiras","9":"first","10":"instock","11":"shipping-taxable","12":"product-type-simple"},"_links":{"self":[{"href":"https:\/\/tecklab.com.br\/temporario1\/wp-json\/wp\/v2\/product\/2148","targetHints":{"allow":["GET"]}}],"collection":[{"href":"https:\/\/tecklab.com.br\/temporario1\/wp-json\/wp\/v2\/product"}],"about":[{"href":"https:\/\/tecklab.com.br\/temporario1\/wp-json\/wp\/v2\/types\/product"}],"replies":[{"embeddable":true,"href":"https:\/\/tecklab.com.br\/temporario1\/wp-json\/wp\/v2\/comments?post=2148"}],"wp:featuredmedia":[{"embeddable":true,"href":"https:\/\/tecklab.com.br\/temporario1\/wp-json\/wp\/v2\/media\/2149"}],"wp:attachment":[{"href":"https:\/\/tecklab.com.br\/temporario1\/wp-json\/wp\/v2\/media?parent=2148"}],"wp:term":[{"taxonomy":"product_brand","embeddable":true,"href":"https:\/\/tecklab.com.br\/temporario1\/wp-json\/wp\/v2\/product_brand?post=2148"},{"taxonomy":"product_cat","embeddable":true,"href":"https:\/\/tecklab.com.br\/temporario1\/wp-json\/wp\/v2\/product_cat?post=2148"},{"taxonomy":"product_tag","embeddable":true,"href":"https:\/\/tecklab.com.br\/temporario1\/wp-json\/wp\/v2\/product_tag?post=2148"}],"curies":[{"name":"wp","href":"https:\/\/api.w.org\/{rel}","templated":true}]}}