{"id":2155,"date":"2026-04-07T19:42:39","date_gmt":"2026-04-07T22:42:39","guid":{"rendered":"https:\/\/tecklab.com.br\/temporario1\/?post_type=product&#038;p=2155"},"modified":"2026-04-07T19:48:25","modified_gmt":"2026-04-07T22:48:25","slug":"spa-miami","status":"publish","type":"product","link":"https:\/\/tecklab.com.br\/temporario1\/produto\/spa-miami\/","title":{"rendered":"Spa Miami"},"content":{"rendered":"<div>\n<h2 class=\"heading-24 givonic w-700 mb-4\">Descri\u00e7\u00e3o do produto<\/h2>\n<\/div>\n<p>O Spa Miami tem casco em acr\u00edlico. Suas dimens\u00f5es s\u00e3o 175 x 175 e 70 cm de profundidade. Possui 13 jatos de hidromassagem, 4 mini-jatos de hidromassagem, aquecedor 8000W, motobomba bivolt para jatos e motobomba para filtro. Itens adicionais: Acabamento lateral, Cromoterapia 3 pontos, Capa T\u00e9rmica de Prote\u00e7\u00e3o e Air Blower com 16 pontos.<\/p>\n<p>OBS: consultar tamanhos disponiveis em estoque.<\/p>\n","protected":false},"excerpt":{"rendered":"<p>Descri\u00e7\u00e3o do produto O Spa Miami tem casco em acr\u00edlico. Suas dimens\u00f5es s\u00e3o 175 x 175 e 70 cm de profundidade. Possui 13 jatos de hidromassagem, 4 mini-jatos de hidromassagem, aquecedor 8000W, motobomba bivolt para jatos e motobomba para filtro. Itens adicionais: Acabamento lateral, Cromoterapia 3 pontos, Capa T\u00e9rmica de Prote\u00e7\u00e3o e Air Blower com [&hellip;]<\/p>\n","protected":false},"featured_media":2156,"comment_status":"open","ping_status":"closed","template":"","meta":[],"product_brand":[126],"product_cat":[29],"product_tag":[],"class_list":{"0":"post-2155","1":"product","2":"type-product","3":"status-publish","4":"has-post-thumbnail","6":"product_brand-aquaplas","7":"product_cat-spas-e-banheiras","9":"first","10":"instock","11":"shipping-taxable","12":"product-type-simple"},"_links":{"self":[{"href":"https:\/\/tecklab.com.br\/temporario1\/wp-json\/wp\/v2\/product\/2155","targetHints":{"allow":["GET"]}}],"collection":[{"href":"https:\/\/tecklab.com.br\/temporario1\/wp-json\/wp\/v2\/product"}],"about":[{"href":"https:\/\/tecklab.com.br\/temporario1\/wp-json\/wp\/v2\/types\/product"}],"replies":[{"embeddable":true,"href":"https:\/\/tecklab.com.br\/temporario1\/wp-json\/wp\/v2\/comments?post=2155"}],"wp:featuredmedia":[{"embeddable":true,"href":"https:\/\/tecklab.com.br\/temporario1\/wp-json\/wp\/v2\/media\/2156"}],"wp:attachment":[{"href":"https:\/\/tecklab.com.br\/temporario1\/wp-json\/wp\/v2\/media?parent=2155"}],"wp:term":[{"taxonomy":"product_brand","embeddable":true,"href":"https:\/\/tecklab.com.br\/temporario1\/wp-json\/wp\/v2\/product_brand?post=2155"},{"taxonomy":"product_cat","embeddable":true,"href":"https:\/\/tecklab.com.br\/temporario1\/wp-json\/wp\/v2\/product_cat?post=2155"},{"taxonomy":"product_tag","embeddable":true,"href":"https:\/\/tecklab.com.br\/temporario1\/wp-json\/wp\/v2\/product_tag?post=2155"}],"curies":[{"name":"wp","href":"https:\/\/api.w.org\/{rel}","templated":true}]}}