{"id":2169,"date":"2026-04-13T18:55:40","date_gmt":"2026-04-13T21:55:40","guid":{"rendered":"https:\/\/tecklab.com.br\/temporario1\/?post_type=product&#038;p=2169"},"modified":"2026-04-13T19:23:56","modified_gmt":"2026-04-13T22:23:56","slug":"espelheira-gabriela","status":"publish","type":"product","link":"https:\/\/tecklab.com.br\/temporario1\/produto\/espelheira-gabriela\/","title":{"rendered":"Espelheira Gabriela"},"content":{"rendered":"<div>\n<h2 class=\"heading-24 givonic w-700 mb-4\">Descri\u00e7\u00e3o do produto<\/h2>\n<\/div>\n<p>A espelheira Gabriela, com 90 cm de largura, \u00e9 a maior e mais elegante de sua categoria. Equipada com duas portas espelhadas com amortecimento no fechamento e puxador cava, ela n\u00e3o apenas amplia visualmente o espa\u00e7o, como tamb\u00e9m oferece um amplo armazenamento interno. Dispon\u00edvel em tr\u00eas cores: Branca, Cacau e Catedral ela \u00e9 vers\u00e1til e traz estilo, praticidade e uma atmosfera de refinamento ao ambiente.<\/p>\n","protected":false},"excerpt":{"rendered":"<p>Descri\u00e7\u00e3o do produto A espelheira Gabriela, com 90 cm de largura, \u00e9 a maior e mais elegante de sua categoria. Equipada com duas portas espelhadas com amortecimento no fechamento e puxador cava, ela n\u00e3o apenas amplia visualmente o espa\u00e7o, como tamb\u00e9m oferece um amplo armazenamento interno. Dispon\u00edvel em tr\u00eas cores: Branca, Cacau e Catedral ela [&hellip;]<\/p>\n","protected":false},"featured_media":2170,"comment_status":"open","ping_status":"closed","template":"","meta":[],"product_brand":[127],"product_cat":[26],"product_tag":[],"class_list":{"0":"post-2169","1":"product","2":"type-product","3":"status-publish","4":"has-post-thumbnail","6":"product_brand-fabribam","7":"product_cat-espelhos","9":"first","10":"instock","11":"shipping-taxable","12":"product-type-simple"},"_links":{"self":[{"href":"https:\/\/tecklab.com.br\/temporario1\/wp-json\/wp\/v2\/product\/2169","targetHints":{"allow":["GET"]}}],"collection":[{"href":"https:\/\/tecklab.com.br\/temporario1\/wp-json\/wp\/v2\/product"}],"about":[{"href":"https:\/\/tecklab.com.br\/temporario1\/wp-json\/wp\/v2\/types\/product"}],"replies":[{"embeddable":true,"href":"https:\/\/tecklab.com.br\/temporario1\/wp-json\/wp\/v2\/comments?post=2169"}],"wp:featuredmedia":[{"embeddable":true,"href":"https:\/\/tecklab.com.br\/temporario1\/wp-json\/wp\/v2\/media\/2170"}],"wp:attachment":[{"href":"https:\/\/tecklab.com.br\/temporario1\/wp-json\/wp\/v2\/media?parent=2169"}],"wp:term":[{"taxonomy":"product_brand","embeddable":true,"href":"https:\/\/tecklab.com.br\/temporario1\/wp-json\/wp\/v2\/product_brand?post=2169"},{"taxonomy":"product_cat","embeddable":true,"href":"https:\/\/tecklab.com.br\/temporario1\/wp-json\/wp\/v2\/product_cat?post=2169"},{"taxonomy":"product_tag","embeddable":true,"href":"https:\/\/tecklab.com.br\/temporario1\/wp-json\/wp\/v2\/product_tag?post=2169"}],"curies":[{"name":"wp","href":"https:\/\/api.w.org\/{rel}","templated":true}]}}