{"id":2204,"date":"2026-04-17T16:45:05","date_gmt":"2026-04-17T19:45:05","guid":{"rendered":"https:\/\/tecklab.com.br\/temporario1\/?post_type=product&#038;p=2204"},"modified":"2026-04-17T16:49:36","modified_gmt":"2026-04-17T19:49:36","slug":"gabinete-carolina","status":"publish","type":"product","link":"https:\/\/tecklab.com.br\/temporario1\/produto\/gabinete-carolina\/","title":{"rendered":"Gabinete Carolina"},"content":{"rendered":"<div>\n<h2 class=\"heading-24 givonic w-700 mb-4\">Descri\u00e7\u00e3o do produto<\/h2>\n<\/div>\n<p>O gabinete Carolina une sofistica\u00e7\u00e3o e funcionalidade. Seu acabamento em tom amadeirado Catedral, combinado ao tampo no elegante Volakas, traz um toque moderno e refinado ao ambiente. O gabinete suspenso se destaca pelo design inteligente, oferecendo um cesto para roupas, duas gavetas espa\u00e7osas com fechamento suave e nichos abertos, ideais para acomodar toalhas e objetos decorativos. Os puxadores dourados adicionam um detalhe sofisticado ao conjunto. Medidas do Gabinete: Largura 100 cm | Altura 50 cm | Profundidade 42 cm<\/p>\n<p>OBS: N\u00c3O ACOMPANHA CUBA<\/p>\n","protected":false},"excerpt":{"rendered":"<p>Descri\u00e7\u00e3o do produto O gabinete Carolina une sofistica\u00e7\u00e3o e funcionalidade. Seu acabamento em tom amadeirado Catedral, combinado ao tampo no elegante Volakas, traz um toque moderno e refinado ao ambiente. O gabinete suspenso se destaca pelo design inteligente, oferecendo um cesto para roupas, duas gavetas espa\u00e7osas com fechamento suave e nichos abertos, ideais para acomodar [&hellip;]<\/p>\n","protected":false},"featured_media":2205,"comment_status":"open","ping_status":"closed","template":"","meta":[],"product_brand":[127],"product_cat":[26],"product_tag":[],"class_list":{"0":"post-2204","1":"product","2":"type-product","3":"status-publish","4":"has-post-thumbnail","6":"product_brand-fabribam","7":"product_cat-espelhos","9":"first","10":"instock","11":"shipping-taxable","12":"product-type-simple"},"_links":{"self":[{"href":"https:\/\/tecklab.com.br\/temporario1\/wp-json\/wp\/v2\/product\/2204","targetHints":{"allow":["GET"]}}],"collection":[{"href":"https:\/\/tecklab.com.br\/temporario1\/wp-json\/wp\/v2\/product"}],"about":[{"href":"https:\/\/tecklab.com.br\/temporario1\/wp-json\/wp\/v2\/types\/product"}],"replies":[{"embeddable":true,"href":"https:\/\/tecklab.com.br\/temporario1\/wp-json\/wp\/v2\/comments?post=2204"}],"wp:featuredmedia":[{"embeddable":true,"href":"https:\/\/tecklab.com.br\/temporario1\/wp-json\/wp\/v2\/media\/2205"}],"wp:attachment":[{"href":"https:\/\/tecklab.com.br\/temporario1\/wp-json\/wp\/v2\/media?parent=2204"}],"wp:term":[{"taxonomy":"product_brand","embeddable":true,"href":"https:\/\/tecklab.com.br\/temporario1\/wp-json\/wp\/v2\/product_brand?post=2204"},{"taxonomy":"product_cat","embeddable":true,"href":"https:\/\/tecklab.com.br\/temporario1\/wp-json\/wp\/v2\/product_cat?post=2204"},{"taxonomy":"product_tag","embeddable":true,"href":"https:\/\/tecklab.com.br\/temporario1\/wp-json\/wp\/v2\/product_tag?post=2204"}],"curies":[{"name":"wp","href":"https:\/\/api.w.org\/{rel}","templated":true}]}}