{"id":2210,"date":"2026-04-17T16:49:50","date_gmt":"2026-04-17T19:49:50","guid":{"rendered":"https:\/\/tecklab.com.br\/temporario1\/?post_type=product&#038;p=2210"},"modified":"2026-04-17T16:54:15","modified_gmt":"2026-04-17T19:54:15","slug":"gabinete-julia","status":"publish","type":"product","link":"https:\/\/tecklab.com.br\/temporario1\/produto\/gabinete-julia\/","title":{"rendered":"Gabinete Julia"},"content":{"rendered":"<div>\n<h2 class=\"heading-24 givonic w-700 mb-4\">Descri\u00e7\u00e3o do produto<\/h2>\n<\/div>\n<p>O Conjunto J\u00falia deixa o ambiente aconchegante e acolhedor. O gabinete tem duas gavetas, um cesto deslizante para roupas e uma porta ampla com detalhe em tela tran\u00e7ada, com um design retr\u00f4 inspirado na palha natural. Para completar, o painel com espelho LED ilumina o espa\u00e7o de forma elegante, real\u00e7ando a decora\u00e7\u00e3o e tornando o dia a dia mais funcional.Medidas do Espelho: Largura 59 cm | Altura 78 cm | Profundidade 2,7 cmMedidas do Painel: Largura 78 cm | Altura 113 cm | Profundidade 2,4 cmMedidas do Gabinete: Largura 78 cm | Altura 84 cm | Profundidade 42 cm.<\/p>\n<p>PRODUTOS VENDIDOS SEPARADAMENTES ESPELHO, PAINEL E GABINETE E NAO ACOMPANHA CUBA<\/p>\n","protected":false},"excerpt":{"rendered":"<p>Descri\u00e7\u00e3o do produto O Conjunto J\u00falia deixa o ambiente aconchegante e acolhedor. O gabinete tem duas gavetas, um cesto deslizante para roupas e uma porta ampla com detalhe em tela tran\u00e7ada, com um design retr\u00f4 inspirado na palha natural. Para completar, o painel com espelho LED ilumina o espa\u00e7o de forma elegante, real\u00e7ando a decora\u00e7\u00e3o [&hellip;]<\/p>\n","protected":false},"featured_media":2211,"comment_status":"open","ping_status":"closed","template":"","meta":[],"product_brand":[127],"product_cat":[26],"product_tag":[],"class_list":{"0":"post-2210","1":"product","2":"type-product","3":"status-publish","4":"has-post-thumbnail","6":"product_brand-fabribam","7":"product_cat-espelhos","9":"first","10":"instock","11":"shipping-taxable","12":"product-type-simple"},"_links":{"self":[{"href":"https:\/\/tecklab.com.br\/temporario1\/wp-json\/wp\/v2\/product\/2210","targetHints":{"allow":["GET"]}}],"collection":[{"href":"https:\/\/tecklab.com.br\/temporario1\/wp-json\/wp\/v2\/product"}],"about":[{"href":"https:\/\/tecklab.com.br\/temporario1\/wp-json\/wp\/v2\/types\/product"}],"replies":[{"embeddable":true,"href":"https:\/\/tecklab.com.br\/temporario1\/wp-json\/wp\/v2\/comments?post=2210"}],"wp:featuredmedia":[{"embeddable":true,"href":"https:\/\/tecklab.com.br\/temporario1\/wp-json\/wp\/v2\/media\/2211"}],"wp:attachment":[{"href":"https:\/\/tecklab.com.br\/temporario1\/wp-json\/wp\/v2\/media?parent=2210"}],"wp:term":[{"taxonomy":"product_brand","embeddable":true,"href":"https:\/\/tecklab.com.br\/temporario1\/wp-json\/wp\/v2\/product_brand?post=2210"},{"taxonomy":"product_cat","embeddable":true,"href":"https:\/\/tecklab.com.br\/temporario1\/wp-json\/wp\/v2\/product_cat?post=2210"},{"taxonomy":"product_tag","embeddable":true,"href":"https:\/\/tecklab.com.br\/temporario1\/wp-json\/wp\/v2\/product_tag?post=2210"}],"curies":[{"name":"wp","href":"https:\/\/api.w.org\/{rel}","templated":true}]}}