{"id":2228,"date":"2026-04-20T13:17:59","date_gmt":"2026-04-20T16:17:59","guid":{"rendered":"https:\/\/tecklab.com.br\/temporario1\/?post_type=product&#038;p=2228"},"modified":"2026-04-20T13:26:33","modified_gmt":"2026-04-20T16:26:33","slug":"gabinete-alice-cores","status":"publish","type":"product","link":"https:\/\/tecklab.com.br\/temporario1\/produto\/gabinete-alice-cores\/","title":{"rendered":"Gabinete Alice Cores"},"content":{"rendered":"<div>\n<h2 class=\"heading-24 givonic w-700 mb-4\">Descri\u00e7\u00e3o do produto<\/h2>\n<\/div>\n<p>O GABINETE Alice NA COR BRANCA OU PRETO \/ CACAU une sofistica\u00e7\u00e3o e funcionalidade em um design moderno e elegante. O gabinete possui acabamento laminado, resistente \u00e0 umidade e arranh\u00f5es, com frente ripada revestida em PVC para maior durabilidade. Suas duas gavetas amplas oferecem abertura total e deslize suave, proporcionando praticidade no dia a dia. TEM A OP\u00c7\u00c3O DE SER SUSPENSO OU COM Os p\u00e9s de ferro curvados, com galvaniza\u00e7\u00e3o e pintura eletrost\u00e1tica, garantem resist\u00eancia e um toque refinado ao m\u00f3vel Medidas do Gabinete: Largura 100 cm | Altura 85 cm | Profundidade 42 cm.<\/p>\n<p>OBS: N\u00c3O ACOMPANHA CUBA<\/p>\n","protected":false},"excerpt":{"rendered":"<p>Descri\u00e7\u00e3o do produto O GABINETE Alice NA COR BRANCA OU PRETO \/ CACAU une sofistica\u00e7\u00e3o e funcionalidade em um design moderno e elegante. O gabinete possui acabamento laminado, resistente \u00e0 umidade e arranh\u00f5es, com frente ripada revestida em PVC para maior durabilidade. Suas duas gavetas amplas oferecem abertura total e deslize suave, proporcionando praticidade no [&hellip;]<\/p>\n","protected":false},"featured_media":2229,"comment_status":"open","ping_status":"closed","template":"","meta":[],"product_brand":[127],"product_cat":[26],"product_tag":[],"class_list":{"0":"post-2228","1":"product","2":"type-product","3":"status-publish","4":"has-post-thumbnail","6":"product_brand-fabribam","7":"product_cat-espelhos","9":"first","10":"instock","11":"shipping-taxable","12":"product-type-simple"},"_links":{"self":[{"href":"https:\/\/tecklab.com.br\/temporario1\/wp-json\/wp\/v2\/product\/2228","targetHints":{"allow":["GET"]}}],"collection":[{"href":"https:\/\/tecklab.com.br\/temporario1\/wp-json\/wp\/v2\/product"}],"about":[{"href":"https:\/\/tecklab.com.br\/temporario1\/wp-json\/wp\/v2\/types\/product"}],"replies":[{"embeddable":true,"href":"https:\/\/tecklab.com.br\/temporario1\/wp-json\/wp\/v2\/comments?post=2228"}],"wp:featuredmedia":[{"embeddable":true,"href":"https:\/\/tecklab.com.br\/temporario1\/wp-json\/wp\/v2\/media\/2229"}],"wp:attachment":[{"href":"https:\/\/tecklab.com.br\/temporario1\/wp-json\/wp\/v2\/media?parent=2228"}],"wp:term":[{"taxonomy":"product_brand","embeddable":true,"href":"https:\/\/tecklab.com.br\/temporario1\/wp-json\/wp\/v2\/product_brand?post=2228"},{"taxonomy":"product_cat","embeddable":true,"href":"https:\/\/tecklab.com.br\/temporario1\/wp-json\/wp\/v2\/product_cat?post=2228"},{"taxonomy":"product_tag","embeddable":true,"href":"https:\/\/tecklab.com.br\/temporario1\/wp-json\/wp\/v2\/product_tag?post=2228"}],"curies":[{"name":"wp","href":"https:\/\/api.w.org\/{rel}","templated":true}]}}