{"id":2236,"date":"2026-04-20T13:26:57","date_gmt":"2026-04-20T16:26:57","guid":{"rendered":"https:\/\/tecklab.com.br\/temporario1\/?post_type=product&#038;p=2236"},"modified":"2026-04-20T13:36:59","modified_gmt":"2026-04-20T16:36:59","slug":"armario-trancoso","status":"publish","type":"product","link":"https:\/\/tecklab.com.br\/temporario1\/produto\/armario-trancoso\/","title":{"rendered":"Arm\u00e1rio Trancoso"},"content":{"rendered":"<div>\n<h2 class=\"heading-24 givonic w-700 mb-4\">Descri\u00e7\u00e3o do produto<\/h2>\n<\/div>\n<p>Com design moderno e toques retr\u00f4, o Arm\u00e1rio Trancoso oferece funcionalidade e eleg\u00e2ncia para transformar seu banheiro em um ambiente acolhedor e bem planejado. Dispon\u00edvel em tamanho (60cm de largura), ele se adapta a diferentes espa\u00e7os com charme e efici\u00eancia. Arm\u00e1rio 60: L 60cm x A 89cm x P 40cm , N\u00c3O ACOMPANHA ESPELHO, disponivel em 2 cores<\/p>\n","protected":false},"excerpt":{"rendered":"<p>Descri\u00e7\u00e3o do produto Com design moderno e toques retr\u00f4, o Arm\u00e1rio Trancoso oferece funcionalidade e eleg\u00e2ncia para transformar seu banheiro em um ambiente acolhedor e bem planejado. Dispon\u00edvel em tamanho (60cm de largura), ele se adapta a diferentes espa\u00e7os com charme e efici\u00eancia. Arm\u00e1rio 60: L 60cm x A 89cm x P 40cm , N\u00c3O [&hellip;]<\/p>\n","protected":false},"featured_media":2237,"comment_status":"open","ping_status":"closed","template":"","meta":[],"product_brand":[128],"product_cat":[26],"product_tag":[],"class_list":{"0":"post-2236","1":"product","2":"type-product","3":"status-publish","4":"has-post-thumbnail","6":"product_brand-mgm-moveis","7":"product_cat-espelhos","9":"first","10":"instock","11":"shipping-taxable","12":"product-type-simple"},"_links":{"self":[{"href":"https:\/\/tecklab.com.br\/temporario1\/wp-json\/wp\/v2\/product\/2236","targetHints":{"allow":["GET"]}}],"collection":[{"href":"https:\/\/tecklab.com.br\/temporario1\/wp-json\/wp\/v2\/product"}],"about":[{"href":"https:\/\/tecklab.com.br\/temporario1\/wp-json\/wp\/v2\/types\/product"}],"replies":[{"embeddable":true,"href":"https:\/\/tecklab.com.br\/temporario1\/wp-json\/wp\/v2\/comments?post=2236"}],"wp:featuredmedia":[{"embeddable":true,"href":"https:\/\/tecklab.com.br\/temporario1\/wp-json\/wp\/v2\/media\/2237"}],"wp:attachment":[{"href":"https:\/\/tecklab.com.br\/temporario1\/wp-json\/wp\/v2\/media?parent=2236"}],"wp:term":[{"taxonomy":"product_brand","embeddable":true,"href":"https:\/\/tecklab.com.br\/temporario1\/wp-json\/wp\/v2\/product_brand?post=2236"},{"taxonomy":"product_cat","embeddable":true,"href":"https:\/\/tecklab.com.br\/temporario1\/wp-json\/wp\/v2\/product_cat?post=2236"},{"taxonomy":"product_tag","embeddable":true,"href":"https:\/\/tecklab.com.br\/temporario1\/wp-json\/wp\/v2\/product_tag?post=2236"}],"curies":[{"name":"wp","href":"https:\/\/api.w.org\/{rel}","templated":true}]}}