{"id":2250,"date":"2026-04-20T13:37:36","date_gmt":"2026-04-20T16:37:36","guid":{"rendered":"https:\/\/tecklab.com.br\/temporario1\/?post_type=product&#038;p=2250"},"modified":"2026-04-20T13:43:15","modified_gmt":"2026-04-20T16:43:15","slug":"armario-copenhague","status":"publish","type":"product","link":"https:\/\/tecklab.com.br\/temporario1\/produto\/armario-copenhague\/","title":{"rendered":"Arm\u00e1rio Copenhague"},"content":{"rendered":"<div>\n<h2 class=\"heading-24 givonic w-700 mb-4\">Descri\u00e7\u00e3o do produto<\/h2>\n<\/div>\n<p>O Arm\u00e1rio Copenhague foi pensado para oferecer praticidade e estilo ao banheiro. Produzido em 100% MDF, ele combina um design moderno com funcionalidades que fazem a diferen\u00e7a na rotina. A porta com baixo relevo e sistema de fecho toque traz um visual limpo e elegante, enquanto as dobradi\u00e7as slow motion garantem um fechamento suave e silencioso.As gavetas com corredi\u00e7as telesc\u00f3picas facilitam o acesso aos itens do dia a dia, e os puxadores em ABS na cor dourado fosco d\u00e3o um toque de sofistica\u00e7\u00e3o. A cuba j\u00e1 vem inclusa, oferecendo um conjunto completo e pronto para o uso. Arm\u00e1rio 60: L 60cm x A 56cm x P 40cm.<\/p>\n<p>N\u00c3O ACOMPAMHA ESPELHEIRA ,DISPON\u00edVEL EM 3 CORES<\/p>\n","protected":false},"excerpt":{"rendered":"<p>Descri\u00e7\u00e3o do produto O Arm\u00e1rio Copenhague foi pensado para oferecer praticidade e estilo ao banheiro. Produzido em 100% MDF, ele combina um design moderno com funcionalidades que fazem a diferen\u00e7a na rotina. A porta com baixo relevo e sistema de fecho toque traz um visual limpo e elegante, enquanto as dobradi\u00e7as slow motion garantem um [&hellip;]<\/p>\n","protected":false},"featured_media":2251,"comment_status":"open","ping_status":"closed","template":"","meta":[],"product_brand":[128],"product_cat":[26],"product_tag":[],"class_list":{"0":"post-2250","1":"product","2":"type-product","3":"status-publish","4":"has-post-thumbnail","6":"product_brand-mgm-moveis","7":"product_cat-espelhos","9":"first","10":"instock","11":"shipping-taxable","12":"product-type-simple"},"_links":{"self":[{"href":"https:\/\/tecklab.com.br\/temporario1\/wp-json\/wp\/v2\/product\/2250","targetHints":{"allow":["GET"]}}],"collection":[{"href":"https:\/\/tecklab.com.br\/temporario1\/wp-json\/wp\/v2\/product"}],"about":[{"href":"https:\/\/tecklab.com.br\/temporario1\/wp-json\/wp\/v2\/types\/product"}],"replies":[{"embeddable":true,"href":"https:\/\/tecklab.com.br\/temporario1\/wp-json\/wp\/v2\/comments?post=2250"}],"wp:featuredmedia":[{"embeddable":true,"href":"https:\/\/tecklab.com.br\/temporario1\/wp-json\/wp\/v2\/media\/2251"}],"wp:attachment":[{"href":"https:\/\/tecklab.com.br\/temporario1\/wp-json\/wp\/v2\/media?parent=2250"}],"wp:term":[{"taxonomy":"product_brand","embeddable":true,"href":"https:\/\/tecklab.com.br\/temporario1\/wp-json\/wp\/v2\/product_brand?post=2250"},{"taxonomy":"product_cat","embeddable":true,"href":"https:\/\/tecklab.com.br\/temporario1\/wp-json\/wp\/v2\/product_cat?post=2250"},{"taxonomy":"product_tag","embeddable":true,"href":"https:\/\/tecklab.com.br\/temporario1\/wp-json\/wp\/v2\/product_tag?post=2250"}],"curies":[{"name":"wp","href":"https:\/\/api.w.org\/{rel}","templated":true}]}}