{"id":2259,"date":"2026-04-20T14:26:48","date_gmt":"2026-04-20T17:26:48","guid":{"rendered":"https:\/\/tecklab.com.br\/temporario1\/?post_type=product&#038;p=2259"},"modified":"2026-04-22T14:20:05","modified_gmt":"2026-04-22T17:20:05","slug":"armario-bariloche","status":"publish","type":"product","link":"https:\/\/tecklab.com.br\/temporario1\/produto\/armario-bariloche\/","title":{"rendered":"Arm\u00e1rio Bariloche"},"content":{"rendered":"<div>\n<h2 class=\"heading-24 givonic w-700 mb-4\">Descri\u00e7\u00e3o do produto<\/h2>\n<\/div>\n<p>O Arm\u00e1rio Bariloche \u00e9 produzido em 100% MDF e se destaca pelos detalhes refinados, como a porta com vidro mini boreal e molduras em MDF revestido. Os puxadores em alum\u00ednio dourado trazem um toque de sofistica\u00e7\u00e3o, enquanto a porta basculante com pist\u00e3o a g\u00e1s e a gaveta com frente em baixo relevo oferecem praticidade, organiza\u00e7\u00e3o e conforto no dia a dia. O Painel Londres combina perfeitamente com banheiros modernos e acolhedores. Com LED embutido e acabamento impec\u00e1vel, ele valoriza a decora\u00e7\u00e3o e proporciona uma ilumina\u00e7\u00e3o suave para o cotidiano. \u00c9 enviado montado e pronto para instala\u00e7\u00e3o, com todos os acess\u00f3rios inclusos: buchas, parafusos e bot\u00f5es cromados de acabamento. Arm\u00e1rio 70: L 70cm x A 91cm x P 54cm.Painel 70: L 70cm x A 117cm x P 5cm.<\/p>\n<p>DISPONIVEL EM 2 CORES<\/p>\n","protected":false},"excerpt":{"rendered":"<p>Descri\u00e7\u00e3o do produto O Arm\u00e1rio Bariloche \u00e9 produzido em 100% MDF e se destaca pelos detalhes refinados, como a porta com vidro mini boreal e molduras em MDF revestido. Os puxadores em alum\u00ednio dourado trazem um toque de sofistica\u00e7\u00e3o, enquanto a porta basculante com pist\u00e3o a g\u00e1s e a gaveta com frente em baixo relevo [&hellip;]<\/p>\n","protected":false},"featured_media":2260,"comment_status":"open","ping_status":"closed","template":"","meta":[],"product_brand":[128],"product_cat":[26],"product_tag":[],"class_list":{"0":"post-2259","1":"product","2":"type-product","3":"status-publish","4":"has-post-thumbnail","6":"product_brand-mgm-moveis","7":"product_cat-espelhos","9":"first","10":"instock","11":"shipping-taxable","12":"product-type-simple"},"_links":{"self":[{"href":"https:\/\/tecklab.com.br\/temporario1\/wp-json\/wp\/v2\/product\/2259","targetHints":{"allow":["GET"]}}],"collection":[{"href":"https:\/\/tecklab.com.br\/temporario1\/wp-json\/wp\/v2\/product"}],"about":[{"href":"https:\/\/tecklab.com.br\/temporario1\/wp-json\/wp\/v2\/types\/product"}],"replies":[{"embeddable":true,"href":"https:\/\/tecklab.com.br\/temporario1\/wp-json\/wp\/v2\/comments?post=2259"}],"wp:featuredmedia":[{"embeddable":true,"href":"https:\/\/tecklab.com.br\/temporario1\/wp-json\/wp\/v2\/media\/2260"}],"wp:attachment":[{"href":"https:\/\/tecklab.com.br\/temporario1\/wp-json\/wp\/v2\/media?parent=2259"}],"wp:term":[{"taxonomy":"product_brand","embeddable":true,"href":"https:\/\/tecklab.com.br\/temporario1\/wp-json\/wp\/v2\/product_brand?post=2259"},{"taxonomy":"product_cat","embeddable":true,"href":"https:\/\/tecklab.com.br\/temporario1\/wp-json\/wp\/v2\/product_cat?post=2259"},{"taxonomy":"product_tag","embeddable":true,"href":"https:\/\/tecklab.com.br\/temporario1\/wp-json\/wp\/v2\/product_tag?post=2259"}],"curies":[{"name":"wp","href":"https:\/\/api.w.org\/{rel}","templated":true}]}}