{"id":2267,"date":"2026-04-22T14:20:12","date_gmt":"2026-04-22T17:20:12","guid":{"rendered":"https:\/\/tecklab.com.br\/temporario1\/?post_type=product&#038;p=2267"},"modified":"2026-04-22T14:28:11","modified_gmt":"2026-04-22T17:28:11","slug":"armario-frise","status":"publish","type":"product","link":"https:\/\/tecklab.com.br\/temporario1\/produto\/armario-frise\/","title":{"rendered":"Arm\u00e1rio Fris\u00ea"},"content":{"rendered":"<div>\n<h2 class=\"heading-24 givonic w-700 mb-4\">Descri\u00e7\u00e3o do produto<\/h2>\n<\/div>\n<p>Com design marcante e detalhes que fazem toda a diferen\u00e7a, o Arm\u00e1rio Fris\u00ea \u00e9 a escolha certa para quem deseja transformar o banheiro em um espa\u00e7o elegante e funcional. O destaque fica por conta da porta com detalhe ripado e da estrutura refor\u00e7ada, que inclui basculante com pist\u00e3o a g\u00e1s para mais conforto no uso di\u00e1rio. Os suportes laterais em metalon 2x2cm, com pintura eletrost\u00e1tica preto fosco, adicionam um ar moderno e sofisticado. O tampo em vidro temperado de 4mm pintado completa o conjunto com um toque de leveza e requinte. Arm\u00e1rio 60: L 65,1cm x A 69,7cm x P 45,1cm.<\/p>\n<p>DISPONIVEL EM 2 CORES TITANIUM E CIMENTO. N\u00c3O ACOMPANHA CUBA<\/p>\n","protected":false},"excerpt":{"rendered":"<p>Descri\u00e7\u00e3o do produto Com design marcante e detalhes que fazem toda a diferen\u00e7a, o Arm\u00e1rio Fris\u00ea \u00e9 a escolha certa para quem deseja transformar o banheiro em um espa\u00e7o elegante e funcional. O destaque fica por conta da porta com detalhe ripado e da estrutura refor\u00e7ada, que inclui basculante com pist\u00e3o a g\u00e1s para mais [&hellip;]<\/p>\n","protected":false},"featured_media":2268,"comment_status":"open","ping_status":"closed","template":"","meta":[],"product_brand":[128],"product_cat":[26],"product_tag":[],"class_list":{"0":"post-2267","1":"product","2":"type-product","3":"status-publish","4":"has-post-thumbnail","6":"product_brand-mgm-moveis","7":"product_cat-espelhos","9":"first","10":"instock","11":"shipping-taxable","12":"product-type-simple"},"_links":{"self":[{"href":"https:\/\/tecklab.com.br\/temporario1\/wp-json\/wp\/v2\/product\/2267","targetHints":{"allow":["GET"]}}],"collection":[{"href":"https:\/\/tecklab.com.br\/temporario1\/wp-json\/wp\/v2\/product"}],"about":[{"href":"https:\/\/tecklab.com.br\/temporario1\/wp-json\/wp\/v2\/types\/product"}],"replies":[{"embeddable":true,"href":"https:\/\/tecklab.com.br\/temporario1\/wp-json\/wp\/v2\/comments?post=2267"}],"wp:featuredmedia":[{"embeddable":true,"href":"https:\/\/tecklab.com.br\/temporario1\/wp-json\/wp\/v2\/media\/2268"}],"wp:attachment":[{"href":"https:\/\/tecklab.com.br\/temporario1\/wp-json\/wp\/v2\/media?parent=2267"}],"wp:term":[{"taxonomy":"product_brand","embeddable":true,"href":"https:\/\/tecklab.com.br\/temporario1\/wp-json\/wp\/v2\/product_brand?post=2267"},{"taxonomy":"product_cat","embeddable":true,"href":"https:\/\/tecklab.com.br\/temporario1\/wp-json\/wp\/v2\/product_cat?post=2267"},{"taxonomy":"product_tag","embeddable":true,"href":"https:\/\/tecklab.com.br\/temporario1\/wp-json\/wp\/v2\/product_tag?post=2267"}],"curies":[{"name":"wp","href":"https:\/\/api.w.org\/{rel}","templated":true}]}}