{"id":2280,"date":"2026-04-22T14:28:16","date_gmt":"2026-04-22T17:28:16","guid":{"rendered":"https:\/\/tecklab.com.br\/temporario1\/?post_type=product&#038;p=2280"},"modified":"2026-04-22T14:34:58","modified_gmt":"2026-04-22T17:34:58","slug":"armario-portinari","status":"publish","type":"product","link":"https:\/\/tecklab.com.br\/temporario1\/produto\/armario-portinari\/","title":{"rendered":"Arm\u00e1rio Portinari"},"content":{"rendered":"<div>\n<h2 class=\"heading-24 givonic w-700 mb-4\">Descri\u00e7\u00e3o do produto<\/h2>\n<\/div>\n<p>O Arm\u00e1rio Porti combina sofistica\u00e7\u00e3o, praticidade e design contempor\u00e2neo em um s\u00f3 produto. Produzido em 100% MDF, ele conta com basculante com pist\u00e3o a g\u00e1s, excelente espa\u00e7o interno e bandeja inferior para objetos diversos. O tampo refor\u00e7ado em MDF 25mm garante durabilidade, enquanto a estrutura de metalon 20x20cm com pintura eletrost\u00e1tica e o puxador na cor cobre fosco adicionam um toque moderno e elegante ao ambiente. Arm\u00e1rio 80: L 84cm x A 93cm x P 45,1cm.<\/p>\n<p>Obs: N\u00e3o acompanha cuba nem espelheira temos 3 cores dispon\u00edveis: CAPPUCCIONO, FREIJO, CIMENTO.<\/p>\n","protected":false},"excerpt":{"rendered":"<p>Descri\u00e7\u00e3o do produto O Arm\u00e1rio Porti combina sofistica\u00e7\u00e3o, praticidade e design contempor\u00e2neo em um s\u00f3 produto. Produzido em 100% MDF, ele conta com basculante com pist\u00e3o a g\u00e1s, excelente espa\u00e7o interno e bandeja inferior para objetos diversos. O tampo refor\u00e7ado em MDF 25mm garante durabilidade, enquanto a estrutura de metalon 20x20cm com pintura eletrost\u00e1tica e [&hellip;]<\/p>\n","protected":false},"featured_media":2281,"comment_status":"open","ping_status":"closed","template":"","meta":[],"product_brand":[128],"product_cat":[26],"product_tag":[],"class_list":{"0":"post-2280","1":"product","2":"type-product","3":"status-publish","4":"has-post-thumbnail","6":"product_brand-mgm-moveis","7":"product_cat-espelhos","9":"first","10":"instock","11":"shipping-taxable","12":"product-type-simple"},"_links":{"self":[{"href":"https:\/\/tecklab.com.br\/temporario1\/wp-json\/wp\/v2\/product\/2280","targetHints":{"allow":["GET"]}}],"collection":[{"href":"https:\/\/tecklab.com.br\/temporario1\/wp-json\/wp\/v2\/product"}],"about":[{"href":"https:\/\/tecklab.com.br\/temporario1\/wp-json\/wp\/v2\/types\/product"}],"replies":[{"embeddable":true,"href":"https:\/\/tecklab.com.br\/temporario1\/wp-json\/wp\/v2\/comments?post=2280"}],"wp:featuredmedia":[{"embeddable":true,"href":"https:\/\/tecklab.com.br\/temporario1\/wp-json\/wp\/v2\/media\/2281"}],"wp:attachment":[{"href":"https:\/\/tecklab.com.br\/temporario1\/wp-json\/wp\/v2\/media?parent=2280"}],"wp:term":[{"taxonomy":"product_brand","embeddable":true,"href":"https:\/\/tecklab.com.br\/temporario1\/wp-json\/wp\/v2\/product_brand?post=2280"},{"taxonomy":"product_cat","embeddable":true,"href":"https:\/\/tecklab.com.br\/temporario1\/wp-json\/wp\/v2\/product_cat?post=2280"},{"taxonomy":"product_tag","embeddable":true,"href":"https:\/\/tecklab.com.br\/temporario1\/wp-json\/wp\/v2\/product_tag?post=2280"}],"curies":[{"name":"wp","href":"https:\/\/api.w.org\/{rel}","templated":true}]}}