{"id":2290,"date":"2026-04-22T14:36:32","date_gmt":"2026-04-22T17:36:32","guid":{"rendered":"https:\/\/tecklab.com.br\/temporario1\/?post_type=product&#038;p=2290"},"modified":"2026-04-22T18:31:38","modified_gmt":"2026-04-22T21:31:38","slug":"armario-slim","status":"publish","type":"product","link":"https:\/\/tecklab.com.br\/temporario1\/produto\/armario-slim\/","title":{"rendered":"Arm\u00e1rio Slim"},"content":{"rendered":"<div>\n<h2 class=\"heading-24 givonic w-700 mb-4\">Descri\u00e7\u00e3o do produto<\/h2>\n<\/div>\n<p>O Gabinete Slim da MGM \u00e9 a escolha ideal para quem busca um m\u00f3vel moderno, funcional e com excelente aproveitamento de espa\u00e7o. Produzido em 100% MDF, ele garante durabilidade, resist\u00eancia e um acabamento superior, trazendo sofistica\u00e7\u00e3o para qualquer ambiente. Seu design compacto e elegante combina facilmente com diferentes estilos de decora\u00e7\u00e3o, e por isso est\u00e1 dispon\u00edvel em tr\u00eas op\u00e7\u00f5es de cores: Branco, Branco com Preto e Freij\u00f3\/Off White. Para atender perfeitamente \u00e0s necessidades de cada ambiente, o Gabinete Slim conta com cinco tamanhos diferentes: 1,14 m, 1,34 m, 1,54 m, 1,74 m e 1,94 m, proporcionando versatilidade sem abrir m\u00e3o da est\u00e9tica. Com linhas modernas e acabamento impec\u00e1vel, o Gabinete Slim MGM entrega praticidade, beleza e qualidade em um \u00fanico produto, tornando-se a solu\u00e7\u00e3o ideal para escrit\u00f3rios, home offices e espa\u00e7os que exigem funcionalidade com estilo.<\/p>\n<p>OBS: n\u00e3o acompanha Pia.<\/p>\n","protected":false},"excerpt":{"rendered":"<p>Descri\u00e7\u00e3o do produto O Gabinete Slim da MGM \u00e9 a escolha ideal para quem busca um m\u00f3vel moderno, funcional e com excelente aproveitamento de espa\u00e7o. Produzido em 100% MDF, ele garante durabilidade, resist\u00eancia e um acabamento superior, trazendo sofistica\u00e7\u00e3o para qualquer ambiente. Seu design compacto e elegante combina facilmente com diferentes estilos de decora\u00e7\u00e3o, e [&hellip;]<\/p>\n","protected":false},"featured_media":2291,"comment_status":"open","ping_status":"closed","template":"","meta":[],"product_brand":[128],"product_cat":[26],"product_tag":[],"class_list":{"0":"post-2290","1":"product","2":"type-product","3":"status-publish","4":"has-post-thumbnail","6":"product_brand-mgm-moveis","7":"product_cat-espelhos","9":"first","10":"instock","11":"shipping-taxable","12":"product-type-simple"},"_links":{"self":[{"href":"https:\/\/tecklab.com.br\/temporario1\/wp-json\/wp\/v2\/product\/2290","targetHints":{"allow":["GET"]}}],"collection":[{"href":"https:\/\/tecklab.com.br\/temporario1\/wp-json\/wp\/v2\/product"}],"about":[{"href":"https:\/\/tecklab.com.br\/temporario1\/wp-json\/wp\/v2\/types\/product"}],"replies":[{"embeddable":true,"href":"https:\/\/tecklab.com.br\/temporario1\/wp-json\/wp\/v2\/comments?post=2290"}],"wp:featuredmedia":[{"embeddable":true,"href":"https:\/\/tecklab.com.br\/temporario1\/wp-json\/wp\/v2\/media\/2291"}],"wp:attachment":[{"href":"https:\/\/tecklab.com.br\/temporario1\/wp-json\/wp\/v2\/media?parent=2290"}],"wp:term":[{"taxonomy":"product_brand","embeddable":true,"href":"https:\/\/tecklab.com.br\/temporario1\/wp-json\/wp\/v2\/product_brand?post=2290"},{"taxonomy":"product_cat","embeddable":true,"href":"https:\/\/tecklab.com.br\/temporario1\/wp-json\/wp\/v2\/product_cat?post=2290"},{"taxonomy":"product_tag","embeddable":true,"href":"https:\/\/tecklab.com.br\/temporario1\/wp-json\/wp\/v2\/product_tag?post=2290"}],"curies":[{"name":"wp","href":"https:\/\/api.w.org\/{rel}","templated":true}]}}