{"id":2301,"date":"2026-04-22T18:22:39","date_gmt":"2026-04-22T21:22:39","guid":{"rendered":"https:\/\/tecklab.com.br\/temporario1\/?post_type=product&#038;p=2301"},"modified":"2026-04-22T18:32:04","modified_gmt":"2026-04-22T21:32:04","slug":"armario-jupiter","status":"publish","type":"product","link":"https:\/\/tecklab.com.br\/temporario1\/produto\/armario-jupiter\/","title":{"rendered":"Arm\u00e1rio J\u00fapiter"},"content":{"rendered":"<div>\n<h2 class=\"heading-24 givonic w-700 mb-4\">Descri\u00e7\u00e3o do produto<\/h2>\n<\/div>\n<p>O Gabinete de Cozinha em A\u00e7o J\u00fapiter da Cozimax, na elegante cor branca, \u00e9 perfeito para quem busca resist\u00eancia, praticidade e um visual moderno para a cozinha. Fabricado em a\u00e7o de alta qualidade, ele garante durabilidade, f\u00e1cil limpeza e excelente aproveitamento interno para organiza\u00e7\u00e3o do dia a dia. Com design clean que combina com qualquer ambiente, o J\u00fapiter est\u00e1 dispon\u00edvel nos tamanhos 120 cm, 140 cm, 160 cm, 180 cm e 200 cm, oferecendo versatilidade para diferentes espa\u00e7os. Uma solu\u00e7\u00e3o funcional, bonita e confi\u00e1vel para transformar sua cozinha com mais estilo e efici\u00eancia.<\/p>\n","protected":false},"excerpt":{"rendered":"<p>Descri\u00e7\u00e3o do produto O Gabinete de Cozinha em A\u00e7o J\u00fapiter da Cozimax, na elegante cor branca, \u00e9 perfeito para quem busca resist\u00eancia, praticidade e um visual moderno para a cozinha. Fabricado em a\u00e7o de alta qualidade, ele garante durabilidade, f\u00e1cil limpeza e excelente aproveitamento interno para organiza\u00e7\u00e3o do dia a dia. Com design clean que [&hellip;]<\/p>\n","protected":false},"featured_media":2312,"comment_status":"open","ping_status":"closed","template":"","meta":[],"product_brand":[128],"product_cat":[26],"product_tag":[],"class_list":{"0":"post-2301","1":"product","2":"type-product","3":"status-publish","4":"has-post-thumbnail","6":"product_brand-mgm-moveis","7":"product_cat-espelhos","9":"first","10":"instock","11":"shipping-taxable","12":"product-type-simple"},"_links":{"self":[{"href":"https:\/\/tecklab.com.br\/temporario1\/wp-json\/wp\/v2\/product\/2301","targetHints":{"allow":["GET"]}}],"collection":[{"href":"https:\/\/tecklab.com.br\/temporario1\/wp-json\/wp\/v2\/product"}],"about":[{"href":"https:\/\/tecklab.com.br\/temporario1\/wp-json\/wp\/v2\/types\/product"}],"replies":[{"embeddable":true,"href":"https:\/\/tecklab.com.br\/temporario1\/wp-json\/wp\/v2\/comments?post=2301"}],"wp:featuredmedia":[{"embeddable":true,"href":"https:\/\/tecklab.com.br\/temporario1\/wp-json\/wp\/v2\/media\/2312"}],"wp:attachment":[{"href":"https:\/\/tecklab.com.br\/temporario1\/wp-json\/wp\/v2\/media?parent=2301"}],"wp:term":[{"taxonomy":"product_brand","embeddable":true,"href":"https:\/\/tecklab.com.br\/temporario1\/wp-json\/wp\/v2\/product_brand?post=2301"},{"taxonomy":"product_cat","embeddable":true,"href":"https:\/\/tecklab.com.br\/temporario1\/wp-json\/wp\/v2\/product_cat?post=2301"},{"taxonomy":"product_tag","embeddable":true,"href":"https:\/\/tecklab.com.br\/temporario1\/wp-json\/wp\/v2\/product_tag?post=2301"}],"curies":[{"name":"wp","href":"https:\/\/api.w.org\/{rel}","templated":true}]}}