{"id":2316,"date":"2026-04-22T19:38:59","date_gmt":"2026-04-22T22:38:59","guid":{"rendered":"https:\/\/tecklab.com.br\/temporario1\/?post_type=product&#038;p=2316"},"modified":"2026-04-22T19:43:15","modified_gmt":"2026-04-22T22:43:15","slug":"painel-londres","status":"publish","type":"product","link":"https:\/\/tecklab.com.br\/temporario1\/produto\/painel-londres\/","title":{"rendered":"Painel Londres"},"content":{"rendered":"<div>\n<h2 class=\"heading-24 givonic w-700 mb-4\">Descri\u00e7\u00e3o do produto<\/h2>\n<\/div>\n<p>MGM apresenta o Painel Londres que combina perfeitamente com banheiros modernos e acolhedores. Com LED embutido e acabamento impec\u00e1vel, ele valoriza a decora\u00e7\u00e3o e proporciona uma ilumina\u00e7\u00e3o suave para o cotidiano. \u00c9 enviado montado e pronto para instala\u00e7\u00e3o, com todos os acess\u00f3rios inclusos: buchas, parafusos e bot\u00f5es cromados de acabamento. disponivel em 2 cores platina e cappuccino<\/p>\n","protected":false},"excerpt":{"rendered":"<p>Descri\u00e7\u00e3o do produto MGM apresenta o Painel Londres que combina perfeitamente com banheiros modernos e acolhedores. Com LED embutido e acabamento impec\u00e1vel, ele valoriza a decora\u00e7\u00e3o e proporciona uma ilumina\u00e7\u00e3o suave para o cotidiano. \u00c9 enviado montado e pronto para instala\u00e7\u00e3o, com todos os acess\u00f3rios inclusos: buchas, parafusos e bot\u00f5es cromados de acabamento. disponivel em [&hellip;]<\/p>\n","protected":false},"featured_media":2317,"comment_status":"open","ping_status":"closed","template":"","meta":[],"product_brand":[128],"product_cat":[26],"product_tag":[],"class_list":{"0":"post-2316","1":"product","2":"type-product","3":"status-publish","4":"has-post-thumbnail","6":"product_brand-mgm-moveis","7":"product_cat-espelhos","9":"first","10":"instock","11":"shipping-taxable","12":"product-type-simple"},"_links":{"self":[{"href":"https:\/\/tecklab.com.br\/temporario1\/wp-json\/wp\/v2\/product\/2316","targetHints":{"allow":["GET"]}}],"collection":[{"href":"https:\/\/tecklab.com.br\/temporario1\/wp-json\/wp\/v2\/product"}],"about":[{"href":"https:\/\/tecklab.com.br\/temporario1\/wp-json\/wp\/v2\/types\/product"}],"replies":[{"embeddable":true,"href":"https:\/\/tecklab.com.br\/temporario1\/wp-json\/wp\/v2\/comments?post=2316"}],"wp:featuredmedia":[{"embeddable":true,"href":"https:\/\/tecklab.com.br\/temporario1\/wp-json\/wp\/v2\/media\/2317"}],"wp:attachment":[{"href":"https:\/\/tecklab.com.br\/temporario1\/wp-json\/wp\/v2\/media?parent=2316"}],"wp:term":[{"taxonomy":"product_brand","embeddable":true,"href":"https:\/\/tecklab.com.br\/temporario1\/wp-json\/wp\/v2\/product_brand?post=2316"},{"taxonomy":"product_cat","embeddable":true,"href":"https:\/\/tecklab.com.br\/temporario1\/wp-json\/wp\/v2\/product_cat?post=2316"},{"taxonomy":"product_tag","embeddable":true,"href":"https:\/\/tecklab.com.br\/temporario1\/wp-json\/wp\/v2\/product_tag?post=2316"}],"curies":[{"name":"wp","href":"https:\/\/api.w.org\/{rel}","templated":true}]}}