{"id":2318,"date":"2026-04-22T19:44:06","date_gmt":"2026-04-22T22:44:06","guid":{"rendered":"https:\/\/tecklab.com.br\/temporario1\/?post_type=product&#038;p=2318"},"modified":"2026-04-22T19:53:36","modified_gmt":"2026-04-22T22:53:36","slug":"conjunto-saveiro","status":"publish","type":"product","link":"https:\/\/tecklab.com.br\/temporario1\/produto\/conjunto-saveiro\/","title":{"rendered":"Conjunto Saveiro"},"content":{"rendered":"<div>\n<h2 class=\"heading-24 givonic w-700 mb-4\">Descri\u00e7\u00e3o do produto<\/h2>\n<\/div>\n<p>Este conjunto de vaso com caixa acoplada ecoflush\u00ae 3\/6 l \u00e9 uma solu\u00e7\u00e3o completa para equipar banheiros e lavabos.<br \/>\nTipo de Produto:\u00a0 Vaso Sanit\u00e1rio com Caixa Acoplada<br \/>\nModelo: Saveiro<br \/>\nMarca: Celite<br \/>\nSa\u00edda: Vaso Sanit\u00e1rio Vertical<br \/>\nFormato: Oval<br \/>\nCor: Branco<br \/>\nTonalidade: Branco<br \/>\nAcionamento da Bacia Sanit\u00e1ria: Simples Acionamento<br \/>\nAltura75,00 cm, Largura37,00 cm, Peso do Produto, 30,55 Kg<br \/>\nGarantia do Fabricante: 3 meses<\/p>\n<p>&nbsp;<\/p>\n","protected":false},"excerpt":{"rendered":"<p>Descri\u00e7\u00e3o do produto Este conjunto de vaso com caixa acoplada ecoflush\u00ae 3\/6 l \u00e9 uma solu\u00e7\u00e3o completa para equipar banheiros e lavabos. Tipo de Produto:\u00a0 Vaso Sanit\u00e1rio com Caixa Acoplada Modelo: Saveiro Marca: Celite Sa\u00edda: Vaso Sanit\u00e1rio Vertical Formato: Oval Cor: Branco Tonalidade: Branco Acionamento da Bacia Sanit\u00e1ria: Simples Acionamento Altura75,00 cm, Largura37,00 cm, Peso [&hellip;]<\/p>\n","protected":false},"featured_media":2319,"comment_status":"open","ping_status":"closed","template":"","meta":[],"product_brand":[129],"product_cat":[22],"product_tag":[],"class_list":{"0":"post-2318","1":"product","2":"type-product","3":"status-publish","4":"has-post-thumbnail","6":"product_brand-celite-incepa","7":"product_cat-loucas","9":"first","10":"instock","11":"shipping-taxable","12":"product-type-simple"},"_links":{"self":[{"href":"https:\/\/tecklab.com.br\/temporario1\/wp-json\/wp\/v2\/product\/2318","targetHints":{"allow":["GET"]}}],"collection":[{"href":"https:\/\/tecklab.com.br\/temporario1\/wp-json\/wp\/v2\/product"}],"about":[{"href":"https:\/\/tecklab.com.br\/temporario1\/wp-json\/wp\/v2\/types\/product"}],"replies":[{"embeddable":true,"href":"https:\/\/tecklab.com.br\/temporario1\/wp-json\/wp\/v2\/comments?post=2318"}],"wp:featuredmedia":[{"embeddable":true,"href":"https:\/\/tecklab.com.br\/temporario1\/wp-json\/wp\/v2\/media\/2319"}],"wp:attachment":[{"href":"https:\/\/tecklab.com.br\/temporario1\/wp-json\/wp\/v2\/media?parent=2318"}],"wp:term":[{"taxonomy":"product_brand","embeddable":true,"href":"https:\/\/tecklab.com.br\/temporario1\/wp-json\/wp\/v2\/product_brand?post=2318"},{"taxonomy":"product_cat","embeddable":true,"href":"https:\/\/tecklab.com.br\/temporario1\/wp-json\/wp\/v2\/product_cat?post=2318"},{"taxonomy":"product_tag","embeddable":true,"href":"https:\/\/tecklab.com.br\/temporario1\/wp-json\/wp\/v2\/product_tag?post=2318"}],"curies":[{"name":"wp","href":"https:\/\/api.w.org\/{rel}","templated":true}]}}