{"id":2322,"date":"2026-04-22T19:53:49","date_gmt":"2026-04-22T22:53:49","guid":{"rendered":"https:\/\/tecklab.com.br\/temporario1\/?post_type=product&#038;p=2322"},"modified":"2026-04-22T19:56:24","modified_gmt":"2026-04-22T22:56:24","slug":"kit-like","status":"publish","type":"product","link":"https:\/\/tecklab.com.br\/temporario1\/produto\/kit-like\/","title":{"rendered":"Kit Like"},"content":{"rendered":"<div>\n<h2 class=\"heading-24 givonic w-700 mb-4\">Descri\u00e7\u00e3o do produto<\/h2>\n<\/div>\n<p>O kit cont\u00e9m: Caixa Ecoflush 3\/6 lts, Assento Net Original Complementos de Instala\u00e7\u00e3o (Flex\u00edvel 400mm, anel de veda\u00e7\u00e3o e conjunto de fixa\u00e7\u00e3o) Conte\u00fado da Embalagem: Bacia Sanit\u00e1ria + Caixa Acoplada + Assento Sanit\u00e1rio + Kit de fixa\u00e7\u00e3o + anel de veda\u00e7\u00e3o Acompanha Fixa\u00e7\u00e3o: Sim Design pr\u00e1tico para descomplicar a rotina. Esta \u00e9 a proposta da linha Like da Celite, A Celite traz solu\u00e7\u00f5es inovadoras para facilitar o dia a dia.<\/p>\n<p>&nbsp;<\/p>\n","protected":false},"excerpt":{"rendered":"<p>Descri\u00e7\u00e3o do produto O kit cont\u00e9m: Caixa Ecoflush 3\/6 lts, Assento Net Original Complementos de Instala\u00e7\u00e3o (Flex\u00edvel 400mm, anel de veda\u00e7\u00e3o e conjunto de fixa\u00e7\u00e3o) Conte\u00fado da Embalagem: Bacia Sanit\u00e1ria + Caixa Acoplada + Assento Sanit\u00e1rio + Kit de fixa\u00e7\u00e3o + anel de veda\u00e7\u00e3o Acompanha Fixa\u00e7\u00e3o: Sim Design pr\u00e1tico para descomplicar a rotina. Esta \u00e9 [&hellip;]<\/p>\n","protected":false},"featured_media":2323,"comment_status":"open","ping_status":"closed","template":"","meta":[],"product_brand":[129],"product_cat":[22],"product_tag":[],"class_list":{"0":"post-2322","1":"product","2":"type-product","3":"status-publish","4":"has-post-thumbnail","6":"product_brand-celite-incepa","7":"product_cat-loucas","9":"first","10":"instock","11":"shipping-taxable","12":"product-type-simple"},"_links":{"self":[{"href":"https:\/\/tecklab.com.br\/temporario1\/wp-json\/wp\/v2\/product\/2322","targetHints":{"allow":["GET"]}}],"collection":[{"href":"https:\/\/tecklab.com.br\/temporario1\/wp-json\/wp\/v2\/product"}],"about":[{"href":"https:\/\/tecklab.com.br\/temporario1\/wp-json\/wp\/v2\/types\/product"}],"replies":[{"embeddable":true,"href":"https:\/\/tecklab.com.br\/temporario1\/wp-json\/wp\/v2\/comments?post=2322"}],"wp:featuredmedia":[{"embeddable":true,"href":"https:\/\/tecklab.com.br\/temporario1\/wp-json\/wp\/v2\/media\/2323"}],"wp:attachment":[{"href":"https:\/\/tecklab.com.br\/temporario1\/wp-json\/wp\/v2\/media?parent=2322"}],"wp:term":[{"taxonomy":"product_brand","embeddable":true,"href":"https:\/\/tecklab.com.br\/temporario1\/wp-json\/wp\/v2\/product_brand?post=2322"},{"taxonomy":"product_cat","embeddable":true,"href":"https:\/\/tecklab.com.br\/temporario1\/wp-json\/wp\/v2\/product_cat?post=2322"},{"taxonomy":"product_tag","embeddable":true,"href":"https:\/\/tecklab.com.br\/temporario1\/wp-json\/wp\/v2\/product_tag?post=2322"}],"curies":[{"name":"wp","href":"https:\/\/api.w.org\/{rel}","templated":true}]}}