{"id":2329,"date":"2026-04-22T20:02:41","date_gmt":"2026-04-22T23:02:41","guid":{"rendered":"https:\/\/tecklab.com.br\/temporario1\/?post_type=product&#038;p=2329"},"modified":"2026-04-22T20:05:26","modified_gmt":"2026-04-22T23:05:26","slug":"kit-elite","status":"publish","type":"product","link":"https:\/\/tecklab.com.br\/temporario1\/produto\/kit-elite\/","title":{"rendered":"Kit Elite"},"content":{"rendered":"<div>\n<h2 class=\"heading-24 givonic w-700 mb-4\">Descri\u00e7\u00e3o do produto<\/h2>\n<\/div>\n<p>Procurando a lou\u00e7a perfeita para seu banheiro? O kit vaso sanit\u00e1rio com caixa acoplada Elite da Celite apresenta sa\u00edda de esgoto vertical e bot\u00e3o superior de duplo acionamento da descarga. A op\u00e7\u00e3o com tudo que voc\u00ea precisa! Solu\u00e7\u00e3o completa Kit Elite Celite. O kit cont\u00e9m:- Bacia Elite Carenada para caixa Celite Jato Plus- Caixa Ecoflush 3\/6 lts- Assento PP Original- Complementos de Instala\u00e7\u00e3o (Flex\u00edvel 400mm, anel de veda\u00e7\u00e3o e conjunto de fixa\u00e7\u00e3o)<\/p>\n<p>&nbsp;<\/p>\n","protected":false},"excerpt":{"rendered":"<p>Descri\u00e7\u00e3o do produto Procurando a lou\u00e7a perfeita para seu banheiro? O kit vaso sanit\u00e1rio com caixa acoplada Elite da Celite apresenta sa\u00edda de esgoto vertical e bot\u00e3o superior de duplo acionamento da descarga. A op\u00e7\u00e3o com tudo que voc\u00ea precisa! Solu\u00e7\u00e3o completa Kit Elite Celite. O kit cont\u00e9m:- Bacia Elite Carenada para caixa Celite Jato [&hellip;]<\/p>\n","protected":false},"featured_media":2330,"comment_status":"open","ping_status":"closed","template":"","meta":[],"product_brand":[129],"product_cat":[22],"product_tag":[],"class_list":{"0":"post-2329","1":"product","2":"type-product","3":"status-publish","4":"has-post-thumbnail","6":"product_brand-celite-incepa","7":"product_cat-loucas","9":"first","10":"instock","11":"shipping-taxable","12":"product-type-simple"},"_links":{"self":[{"href":"https:\/\/tecklab.com.br\/temporario1\/wp-json\/wp\/v2\/product\/2329","targetHints":{"allow":["GET"]}}],"collection":[{"href":"https:\/\/tecklab.com.br\/temporario1\/wp-json\/wp\/v2\/product"}],"about":[{"href":"https:\/\/tecklab.com.br\/temporario1\/wp-json\/wp\/v2\/types\/product"}],"replies":[{"embeddable":true,"href":"https:\/\/tecklab.com.br\/temporario1\/wp-json\/wp\/v2\/comments?post=2329"}],"wp:featuredmedia":[{"embeddable":true,"href":"https:\/\/tecklab.com.br\/temporario1\/wp-json\/wp\/v2\/media\/2330"}],"wp:attachment":[{"href":"https:\/\/tecklab.com.br\/temporario1\/wp-json\/wp\/v2\/media?parent=2329"}],"wp:term":[{"taxonomy":"product_brand","embeddable":true,"href":"https:\/\/tecklab.com.br\/temporario1\/wp-json\/wp\/v2\/product_brand?post=2329"},{"taxonomy":"product_cat","embeddable":true,"href":"https:\/\/tecklab.com.br\/temporario1\/wp-json\/wp\/v2\/product_cat?post=2329"},{"taxonomy":"product_tag","embeddable":true,"href":"https:\/\/tecklab.com.br\/temporario1\/wp-json\/wp\/v2\/product_tag?post=2329"}],"curies":[{"name":"wp","href":"https:\/\/api.w.org\/{rel}","templated":true}]}}