{"id":2334,"date":"2026-04-22T20:06:00","date_gmt":"2026-04-22T23:06:00","guid":{"rendered":"https:\/\/tecklab.com.br\/temporario1\/?post_type=product&#038;p=2334"},"modified":"2026-04-22T20:15:03","modified_gmt":"2026-04-22T23:15:03","slug":"kit-thema","status":"publish","type":"product","link":"https:\/\/tecklab.com.br\/temporario1\/produto\/kit-thema\/","title":{"rendered":"Kit Thema"},"content":{"rendered":"<div>\n<h2 class=\"heading-24 givonic w-700 mb-4\">Descri\u00e7\u00e3o do produto<\/h2>\n<\/div>\n<p>O kit de vaso sanit\u00e1rio com caixa acoplada Thema da Roca \/ Incepa inclui todos os produtos necess\u00e1rios para instala\u00e7\u00e3o. Em uma \u00fanica embalagem, voc\u00ea adquire a bacia para caixa, a caixa para acoplar com duplo acionamento 3\/6 Litros, que promove a economia de \u00e1gua, o assento original em polipropileno (PP) com queda amortecida, um anel de veda\u00e7\u00e3o, fixa\u00e7\u00e3o e um flex\u00edvel em a\u00e7o inox de 400mm. Al\u00e9m disso, voc\u00ea conta com garantias de 10 anos nas lou\u00e7as sanit\u00e1rias, 2 anos no assento e 1 ano nos itens de instala\u00e7\u00e3o.<\/p>\n<p>&nbsp;<\/p>\n","protected":false},"excerpt":{"rendered":"<p>Descri\u00e7\u00e3o do produto O kit de vaso sanit\u00e1rio com caixa acoplada Thema da Roca \/ Incepa inclui todos os produtos necess\u00e1rios para instala\u00e7\u00e3o. Em uma \u00fanica embalagem, voc\u00ea adquire a bacia para caixa, a caixa para acoplar com duplo acionamento 3\/6 Litros, que promove a economia de \u00e1gua, o assento original em polipropileno (PP) com [&hellip;]<\/p>\n","protected":false},"featured_media":2335,"comment_status":"open","ping_status":"closed","template":"","meta":[],"product_brand":[129],"product_cat":[22],"product_tag":[],"class_list":{"0":"post-2334","1":"product","2":"type-product","3":"status-publish","4":"has-post-thumbnail","6":"product_brand-celite-incepa","7":"product_cat-loucas","9":"first","10":"instock","11":"shipping-taxable","12":"product-type-simple"},"_links":{"self":[{"href":"https:\/\/tecklab.com.br\/temporario1\/wp-json\/wp\/v2\/product\/2334","targetHints":{"allow":["GET"]}}],"collection":[{"href":"https:\/\/tecklab.com.br\/temporario1\/wp-json\/wp\/v2\/product"}],"about":[{"href":"https:\/\/tecklab.com.br\/temporario1\/wp-json\/wp\/v2\/types\/product"}],"replies":[{"embeddable":true,"href":"https:\/\/tecklab.com.br\/temporario1\/wp-json\/wp\/v2\/comments?post=2334"}],"wp:featuredmedia":[{"embeddable":true,"href":"https:\/\/tecklab.com.br\/temporario1\/wp-json\/wp\/v2\/media\/2335"}],"wp:attachment":[{"href":"https:\/\/tecklab.com.br\/temporario1\/wp-json\/wp\/v2\/media?parent=2334"}],"wp:term":[{"taxonomy":"product_brand","embeddable":true,"href":"https:\/\/tecklab.com.br\/temporario1\/wp-json\/wp\/v2\/product_brand?post=2334"},{"taxonomy":"product_cat","embeddable":true,"href":"https:\/\/tecklab.com.br\/temporario1\/wp-json\/wp\/v2\/product_cat?post=2334"},{"taxonomy":"product_tag","embeddable":true,"href":"https:\/\/tecklab.com.br\/temporario1\/wp-json\/wp\/v2\/product_tag?post=2334"}],"curies":[{"name":"wp","href":"https:\/\/api.w.org\/{rel}","templated":true}]}}