{"id":2345,"date":"2026-04-22T20:20:28","date_gmt":"2026-04-22T23:20:28","guid":{"rendered":"https:\/\/tecklab.com.br\/temporario1\/?post_type=product&#038;p=2345"},"modified":"2026-04-22T20:23:39","modified_gmt":"2026-04-22T23:23:39","slug":"tanque-santa-clara","status":"publish","type":"product","link":"https:\/\/tecklab.com.br\/temporario1\/produto\/tanque-santa-clara\/","title":{"rendered":"Tanque Santa Clara"},"content":{"rendered":"<div>\n<h2 class=\"heading-24 givonic w-700 mb-4\">Descri\u00e7\u00e3o do produto<\/h2>\n<\/div>\n<p>Um Tanque de Lou\u00e7a \u00e9 garantia de eleg\u00e2ncia, funcionalidade e praticidade. Este modelo, possui um design mais cl\u00e1ssico, \u00e9 um dos queridinhos da \u00e1rea de servi\u00e7o. O Tanque de lou\u00e7a se destaca pela excelente durabilidade e resist\u00eancia. Fabricado em lou\u00e7a e cer\u00e2mica, que suporta umidade e calor. Produto: Tanque Tipo: Suspenso Modelo da Cuba: Retangular Capacidade: 20L Com Ladr\u00e3o: N\u00e3o Profundidade: 50 cm Largura: 50 cm Altura: 28,5 cm Cor: Branco Acabamento: Brilhante Material: Lou\u00e7a Marca: Santa Clara<\/p>\n<p>Obs: N\u00e3o acompanha coluna<\/p>\n<p>&nbsp;<\/p>\n","protected":false},"excerpt":{"rendered":"<p>Descri\u00e7\u00e3o do produto Um Tanque de Lou\u00e7a \u00e9 garantia de eleg\u00e2ncia, funcionalidade e praticidade. Este modelo, possui um design mais cl\u00e1ssico, \u00e9 um dos queridinhos da \u00e1rea de servi\u00e7o. O Tanque de lou\u00e7a se destaca pela excelente durabilidade e resist\u00eancia. Fabricado em lou\u00e7a e cer\u00e2mica, que suporta umidade e calor. Produto: Tanque Tipo: Suspenso Modelo [&hellip;]<\/p>\n","protected":false},"featured_media":2346,"comment_status":"open","ping_status":"closed","template":"","meta":[],"product_brand":[130],"product_cat":[22],"product_tag":[],"class_list":{"0":"post-2345","1":"product","2":"type-product","3":"status-publish","4":"has-post-thumbnail","6":"product_brand-santa-clara","7":"product_cat-loucas","9":"first","10":"instock","11":"shipping-taxable","12":"product-type-simple"},"_links":{"self":[{"href":"https:\/\/tecklab.com.br\/temporario1\/wp-json\/wp\/v2\/product\/2345","targetHints":{"allow":["GET"]}}],"collection":[{"href":"https:\/\/tecklab.com.br\/temporario1\/wp-json\/wp\/v2\/product"}],"about":[{"href":"https:\/\/tecklab.com.br\/temporario1\/wp-json\/wp\/v2\/types\/product"}],"replies":[{"embeddable":true,"href":"https:\/\/tecklab.com.br\/temporario1\/wp-json\/wp\/v2\/comments?post=2345"}],"wp:featuredmedia":[{"embeddable":true,"href":"https:\/\/tecklab.com.br\/temporario1\/wp-json\/wp\/v2\/media\/2346"}],"wp:attachment":[{"href":"https:\/\/tecklab.com.br\/temporario1\/wp-json\/wp\/v2\/media?parent=2345"}],"wp:term":[{"taxonomy":"product_brand","embeddable":true,"href":"https:\/\/tecklab.com.br\/temporario1\/wp-json\/wp\/v2\/product_brand?post=2345"},{"taxonomy":"product_cat","embeddable":true,"href":"https:\/\/tecklab.com.br\/temporario1\/wp-json\/wp\/v2\/product_cat?post=2345"},{"taxonomy":"product_tag","embeddable":true,"href":"https:\/\/tecklab.com.br\/temporario1\/wp-json\/wp\/v2\/product_tag?post=2345"}],"curies":[{"name":"wp","href":"https:\/\/api.w.org\/{rel}","templated":true}]}}