{"id":2357,"date":"2026-04-22T20:43:00","date_gmt":"2026-04-22T23:43:00","guid":{"rendered":"https:\/\/tecklab.com.br\/temporario1\/?post_type=product&#038;p=2357"},"modified":"2026-04-22T20:44:02","modified_gmt":"2026-04-22T23:44:02","slug":"cuba-terra-t2","status":"publish","type":"product","link":"https:\/\/tecklab.com.br\/temporario1\/produto\/cuba-terra-t2\/","title":{"rendered":"Cuba Terra T2"},"content":{"rendered":"<div>\n<h2 class=\"heading-24 givonic w-700 mb-4\">Descri\u00e7\u00e3o do produto<\/h2>\n<\/div>\n<p>A cole\u00e7\u00e3o Terra da Roca une design essencial e tons naturais, proporcionando sofistica\u00e7\u00e3o e exclusividade ao ambiente. Produzidas com a tecnologia Fineceramic\u00ae, s\u00e3o at\u00e9 40% mais resistentes e 30% mais leves do que as cer\u00e2micas convencionais, garantindo maior durabilidade e qualidade superior. Adicione mais estilo e resist\u00eancia ao seu projeto com a cole\u00e7\u00e3o Terra. Marca: Roca Cor: BRANCO Linha: TERRA Especifica\u00e7\u00f5es T\u00e9cnicas Peso (Kg) Peso (Kg) 8,30 Altura (cm) 13,00 Comprimento (cm) 39,00 Largura (cm) 39,00 Cor BRANCO<\/p>\n<p>&nbsp;<\/p>\n","protected":false},"excerpt":{"rendered":"<p>Descri\u00e7\u00e3o do produto A cole\u00e7\u00e3o Terra da Roca une design essencial e tons naturais, proporcionando sofistica\u00e7\u00e3o e exclusividade ao ambiente. Produzidas com a tecnologia Fineceramic\u00ae, s\u00e3o at\u00e9 40% mais resistentes e 30% mais leves do que as cer\u00e2micas convencionais, garantindo maior durabilidade e qualidade superior. Adicione mais estilo e resist\u00eancia ao seu projeto com a [&hellip;]<\/p>\n","protected":false},"featured_media":2358,"comment_status":"open","ping_status":"closed","template":"","meta":[],"product_brand":[129],"product_cat":[22],"product_tag":[],"class_list":{"0":"post-2357","1":"product","2":"type-product","3":"status-publish","4":"has-post-thumbnail","6":"product_brand-celite-incepa","7":"product_cat-loucas","9":"first","10":"instock","11":"shipping-taxable","12":"product-type-simple"},"_links":{"self":[{"href":"https:\/\/tecklab.com.br\/temporario1\/wp-json\/wp\/v2\/product\/2357","targetHints":{"allow":["GET"]}}],"collection":[{"href":"https:\/\/tecklab.com.br\/temporario1\/wp-json\/wp\/v2\/product"}],"about":[{"href":"https:\/\/tecklab.com.br\/temporario1\/wp-json\/wp\/v2\/types\/product"}],"replies":[{"embeddable":true,"href":"https:\/\/tecklab.com.br\/temporario1\/wp-json\/wp\/v2\/comments?post=2357"}],"wp:featuredmedia":[{"embeddable":true,"href":"https:\/\/tecklab.com.br\/temporario1\/wp-json\/wp\/v2\/media\/2358"}],"wp:attachment":[{"href":"https:\/\/tecklab.com.br\/temporario1\/wp-json\/wp\/v2\/media?parent=2357"}],"wp:term":[{"taxonomy":"product_brand","embeddable":true,"href":"https:\/\/tecklab.com.br\/temporario1\/wp-json\/wp\/v2\/product_brand?post=2357"},{"taxonomy":"product_cat","embeddable":true,"href":"https:\/\/tecklab.com.br\/temporario1\/wp-json\/wp\/v2\/product_cat?post=2357"},{"taxonomy":"product_tag","embeddable":true,"href":"https:\/\/tecklab.com.br\/temporario1\/wp-json\/wp\/v2\/product_tag?post=2357"}],"curies":[{"name":"wp","href":"https:\/\/api.w.org\/{rel}","templated":true}]}}