{"id":242,"date":"2025-10-18T10:37:16","date_gmt":"2025-10-18T13:37:16","guid":{"rendered":"https:\/\/tecklab.com.br\/temporario1\/?post_type=product&#038;p=242"},"modified":"2025-11-12T09:29:56","modified_gmt":"2025-11-12T12:29:56","slug":"district-gray-plus-83027","status":"publish","type":"product","link":"https:\/\/tecklab.com.br\/temporario1\/produto\/district-gray-plus-83027\/","title":{"rendered":"District Gray Plus &#8211; 83027"},"content":{"rendered":"<div><\/div>\n<h2>Descri\u00e7\u00e3o do produto<\/h2>\n<table>\n<tbody>\n<tr>\n<td><strong>Nome:<\/strong><\/td>\n<td>District Gray Plus<\/td>\n<\/tr>\n<tr>\n<td><strong>C\u00f3digo:<\/strong><\/td>\n<td>83027<\/td>\n<\/tr>\n<tr>\n<td><strong>Piso ou Parede:<\/strong><\/td>\n<td>Parede, Piso<\/td>\n<\/tr>\n<tr>\n<td><strong>Tamanho:<\/strong><\/td>\n<td>83x83cm<\/td>\n<\/tr>\n<tr>\n<td><strong>Quantidade de faces:<\/strong><\/td>\n<td>4<\/td>\n<\/tr>\n<tr>\n<td><strong>Local de Uso:<\/strong><\/td>\n<td>LD &#8211; Alto Tr\u00e1fego:\u00a0Ambientes residenciais e comerciais com alto tr\u00e1fego de pessoas. Recomendado para locais onde n\u00e3o se requer resist\u00eancia ao escorregamento (COF &lt; 0,4).<\/td>\n<\/tr>\n<tr>\n<td><strong>Linha<\/strong><\/td>\n<td>Concreto<\/td>\n<\/tr>\n<tr>\n<td><strong>Tipologia:<\/strong><\/td>\n<td>Acetinado<\/td>\n<\/tr>\n<tr>\n<td><strong>m\u00b2 por Caixa:<\/strong><\/td>\n<td>2,73 m\u00b2<\/td>\n<\/tr>\n<tr>\n<td><strong>Varia\u00e7\u00e3o de Tonalidade e Desenho:<\/strong><\/td>\n<td>V2 &#8211; Baixa<\/td>\n<\/tr>\n<tr>\n<td><strong>Retificado:<\/strong><\/td>\n<td>Sim<\/td>\n<\/tr>\n<tr>\n<td><strong>Pe\u00e7as por Caixa:<\/strong><\/td>\n<td>4<\/td>\n<\/tr>\n<tr>\n<td><strong>Junta M\u00ednima:<\/strong><\/td>\n<td>1,5 mm<\/td>\n<\/tr>\n<\/tbody>\n<\/table>\n<p>&nbsp;<\/p>\n","protected":false},"excerpt":{"rendered":"<p>Descri\u00e7\u00e3o do produto Nome: District Gray Plus C\u00f3digo: 83027 Piso ou Parede: Parede, Piso Tamanho: 83x83cm Quantidade de faces: 4 Local de Uso: LD &#8211; Alto Tr\u00e1fego:\u00a0Ambientes residenciais e comerciais com alto tr\u00e1fego de pessoas. Recomendado para locais onde n\u00e3o se requer resist\u00eancia ao escorregamento (COF &lt; 0,4). Linha Concreto Tipologia: Acetinado m\u00b2 por Caixa: [&hellip;]<\/p>\n","protected":false},"featured_media":629,"comment_status":"open","ping_status":"closed","template":"","meta":[],"product_brand":[31],"product_cat":[38,36,49,50,21,58],"product_tag":[86],"class_list":{"0":"post-242","1":"product","2":"type-product","3":"status-publish","4":"has-post-thumbnail","6":"product_brand-embramaco","7":"product_cat-acetinados","8":"product_cat-destaques","9":"product_cat-parede","10":"product_cat-piso","11":"product_cat-pisos-e-porcelanatos","12":"product_cat-retificados","13":"product_tag-concreto","15":"first","16":"instock","17":"shipping-taxable","18":"product-type-simple"},"_links":{"self":[{"href":"https:\/\/tecklab.com.br\/temporario1\/wp-json\/wp\/v2\/product\/242","targetHints":{"allow":["GET"]}}],"collection":[{"href":"https:\/\/tecklab.com.br\/temporario1\/wp-json\/wp\/v2\/product"}],"about":[{"href":"https:\/\/tecklab.com.br\/temporario1\/wp-json\/wp\/v2\/types\/product"}],"replies":[{"embeddable":true,"href":"https:\/\/tecklab.com.br\/temporario1\/wp-json\/wp\/v2\/comments?post=242"}],"wp:featuredmedia":[{"embeddable":true,"href":"https:\/\/tecklab.com.br\/temporario1\/wp-json\/wp\/v2\/media\/629"}],"wp:attachment":[{"href":"https:\/\/tecklab.com.br\/temporario1\/wp-json\/wp\/v2\/media?parent=242"}],"wp:term":[{"taxonomy":"product_brand","embeddable":true,"href":"https:\/\/tecklab.com.br\/temporario1\/wp-json\/wp\/v2\/product_brand?post=242"},{"taxonomy":"product_cat","embeddable":true,"href":"https:\/\/tecklab.com.br\/temporario1\/wp-json\/wp\/v2\/product_cat?post=242"},{"taxonomy":"product_tag","embeddable":true,"href":"https:\/\/tecklab.com.br\/temporario1\/wp-json\/wp\/v2\/product_tag?post=242"}],"curies":[{"name":"wp","href":"https:\/\/api.w.org\/{rel}","templated":true}]}}