{"id":426,"date":"2025-11-01T15:51:21","date_gmt":"2025-11-01T18:51:21","guid":{"rendered":"https:\/\/tecklab.com.br\/temporario1\/?post_type=product&#038;p=426"},"modified":"2025-11-14T13:20:07","modified_gmt":"2025-11-14T16:20:07","slug":"collorado-roble-120003","status":"publish","type":"product","link":"https:\/\/tecklab.com.br\/temporario1\/produto\/collorado-roble-120003\/","title":{"rendered":"Collorado Roble &#8211; 120003"},"content":{"rendered":"<div><\/div>\n<h2>Descri\u00e7\u00e3o do produto<\/h2>\n<table>\n<tbody>\n<tr>\n<td><strong>Nome:<\/strong><\/td>\n<td>Collorado Roble<\/td>\n<\/tr>\n<tr>\n<td><strong>C\u00f3digo:<\/strong><\/td>\n<td>120003<\/td>\n<\/tr>\n<tr>\n<td><strong>Piso ou Parede:<\/strong><\/td>\n<td>Parede, Piso<\/td>\n<\/tr>\n<tr>\n<td><strong>Tamanho:<\/strong><\/td>\n<td>20x122cm<\/td>\n<\/tr>\n<tr>\n<td><strong>Quantidade de faces:<\/strong><\/td>\n<td>12<\/td>\n<\/tr>\n<tr>\n<td><strong>Local de Uso:<\/strong><\/td>\n<td>\u00a0LD &#8211; Alto Tr\u00e1fego:\u00a0Ambientes residenciais e comerciais com alto tr\u00e1fego de pessoas. Recomendado para locais onde n\u00e3o se requer resist\u00eancia ao escorregamento (COF &lt; 0,4).<\/td>\n<\/tr>\n<tr>\n<td><strong>Linha<\/strong><\/td>\n<td>Madeira<\/td>\n<\/tr>\n<tr>\n<td><strong>Tipologia:<\/strong><\/td>\n<td>Acetinado<\/td>\n<\/tr>\n<tr>\n<td><strong>m\u00b2 por Caixa:<\/strong><\/td>\n<td>1,47 m\u00b2<\/td>\n<\/tr>\n<tr>\n<td><strong>Varia\u00e7\u00e3o de Tonalidade e Desenho:<\/strong><\/td>\n<td>V2 &#8211; Baixa<\/td>\n<\/tr>\n<tr>\n<td><strong>Retificado:<\/strong><\/td>\n<td>Sim<\/td>\n<\/tr>\n<tr>\n<td><strong>Pe\u00e7as por Caixa:<\/strong><\/td>\n<td>6<\/td>\n<\/tr>\n<tr>\n<td><strong>Junta M\u00ednima:<\/strong><\/td>\n<td>1,5 mm<\/td>\n<\/tr>\n<\/tbody>\n<\/table>\n","protected":false},"excerpt":{"rendered":"<p>Descri\u00e7\u00e3o do produto Nome: Collorado Roble C\u00f3digo: 120003 Piso ou Parede: Parede, Piso Tamanho: 20x122cm Quantidade de faces: 12 Local de Uso: \u00a0LD &#8211; Alto Tr\u00e1fego:\u00a0Ambientes residenciais e comerciais com alto tr\u00e1fego de pessoas. Recomendado para locais onde n\u00e3o se requer resist\u00eancia ao escorregamento (COF &lt; 0,4). Linha Madeira Tipologia: Acetinado m\u00b2 por Caixa: 1,47 [&hellip;]<\/p>\n","protected":false},"featured_media":657,"comment_status":"open","ping_status":"closed","template":"","meta":[],"product_brand":[31],"product_cat":[38,49,50,21,58],"product_tag":[89],"class_list":{"0":"post-426","1":"product","2":"type-product","3":"status-publish","4":"has-post-thumbnail","6":"product_brand-embramaco","7":"product_cat-acetinados","8":"product_cat-parede","9":"product_cat-piso","10":"product_cat-pisos-e-porcelanatos","11":"product_cat-retificados","12":"product_tag-madeira","14":"first","15":"instock","16":"shipping-taxable","17":"product-type-simple"},"_links":{"self":[{"href":"https:\/\/tecklab.com.br\/temporario1\/wp-json\/wp\/v2\/product\/426","targetHints":{"allow":["GET"]}}],"collection":[{"href":"https:\/\/tecklab.com.br\/temporario1\/wp-json\/wp\/v2\/product"}],"about":[{"href":"https:\/\/tecklab.com.br\/temporario1\/wp-json\/wp\/v2\/types\/product"}],"replies":[{"embeddable":true,"href":"https:\/\/tecklab.com.br\/temporario1\/wp-json\/wp\/v2\/comments?post=426"}],"wp:featuredmedia":[{"embeddable":true,"href":"https:\/\/tecklab.com.br\/temporario1\/wp-json\/wp\/v2\/media\/657"}],"wp:attachment":[{"href":"https:\/\/tecklab.com.br\/temporario1\/wp-json\/wp\/v2\/media?parent=426"}],"wp:term":[{"taxonomy":"product_brand","embeddable":true,"href":"https:\/\/tecklab.com.br\/temporario1\/wp-json\/wp\/v2\/product_brand?post=426"},{"taxonomy":"product_cat","embeddable":true,"href":"https:\/\/tecklab.com.br\/temporario1\/wp-json\/wp\/v2\/product_cat?post=426"},{"taxonomy":"product_tag","embeddable":true,"href":"https:\/\/tecklab.com.br\/temporario1\/wp-json\/wp\/v2\/product_tag?post=426"}],"curies":[{"name":"wp","href":"https:\/\/api.w.org\/{rel}","templated":true}]}}