{"id":442,"date":"2025-11-02T09:22:46","date_gmt":"2025-11-02T12:22:46","guid":{"rendered":"https:\/\/tecklab.com.br\/temporario1\/?post_type=product&#038;p=442"},"modified":"2025-11-14T13:35:02","modified_gmt":"2025-11-14T16:35:02","slug":"munique-lux-mag-85015","status":"publish","type":"product","link":"https:\/\/tecklab.com.br\/temporario1\/produto\/munique-lux-mag-85015\/","title":{"rendered":"Munique Lux Mag &#8211; 85015"},"content":{"rendered":"<div><\/div>\n<h2>Descri\u00e7\u00e3o do produto<\/h2>\n<table>\n<tbody>\n<tr>\n<td><strong>Nome:<\/strong><\/td>\n<td>Munique Lux Mag<\/td>\n<\/tr>\n<tr>\n<td><strong>C\u00f3digo:<\/strong><\/td>\n<td>85015<\/td>\n<\/tr>\n<tr>\n<td><strong>Piso ou Parede:<\/strong><\/td>\n<td>Parede, Piso<\/td>\n<\/tr>\n<tr>\n<td><strong>Tamanho:<\/strong><\/td>\n<td>85x85cm<\/td>\n<\/tr>\n<tr>\n<td><strong>Quantidade de faces:<\/strong><\/td>\n<td>4<\/td>\n<\/tr>\n<tr>\n<td><strong>Local de Uso:<\/strong><\/td>\n<td>LC &#8211; M\u00e9dio Tr\u00e1fego:\u00a0Ambientes comerciais e residenciais internos, com m\u00e9dio tr\u00e1fego de pessoas, sem acesso a \u00e1reas externas e sem tr\u00e2nsito de equipamentos. Indicado para locais onde n\u00e3o se requer resist\u00eancia ao escorregamento (COF &lt; 0,4).<\/td>\n<\/tr>\n<tr>\n<td><strong>Linha<\/strong><\/td>\n<td>M\u00e1rmore<\/td>\n<\/tr>\n<tr>\n<td><strong>Tipologia:<\/strong><\/td>\n<td>Polido<\/td>\n<\/tr>\n<tr>\n<td><strong>m\u00b2 por Caixa:<\/strong><\/td>\n<td>2,16 m\u00b2<\/td>\n<\/tr>\n<tr>\n<td><strong>Varia\u00e7\u00e3o de Tonalidade e Desenho:<\/strong><\/td>\n<td>V2 &#8211; Baixa<\/td>\n<\/tr>\n<tr>\n<td><strong>Retificado:<\/strong><\/td>\n<td>Sim<\/td>\n<\/tr>\n<tr>\n<td><strong>Pe\u00e7as por Caixa:<\/strong><\/td>\n<td>3<\/td>\n<\/tr>\n<tr>\n<td><strong>Junta M\u00ednima:<\/strong><\/td>\n<td>2 mm<\/td>\n<\/tr>\n<\/tbody>\n<\/table>\n","protected":false},"excerpt":{"rendered":"<p>Descri\u00e7\u00e3o do produto Nome: Munique Lux Mag C\u00f3digo: 85015 Piso ou Parede: Parede, Piso Tamanho: 85x85cm Quantidade de faces: 4 Local de Uso: LC &#8211; M\u00e9dio Tr\u00e1fego:\u00a0Ambientes comerciais e residenciais internos, com m\u00e9dio tr\u00e1fego de pessoas, sem acesso a \u00e1reas externas e sem tr\u00e2nsito de equipamentos. Indicado para locais onde n\u00e3o se requer resist\u00eancia ao [&hellip;]<\/p>\n","protected":false},"featured_media":706,"comment_status":"open","ping_status":"closed","template":"","meta":[],"product_brand":[31],"product_cat":[49,50,21,40,58],"product_tag":[87],"class_list":{"0":"post-442","1":"product","2":"type-product","3":"status-publish","4":"has-post-thumbnail","6":"product_brand-embramaco","7":"product_cat-parede","8":"product_cat-piso","9":"product_cat-pisos-e-porcelanatos","10":"product_cat-polidos","11":"product_cat-retificados","12":"product_tag-marmore","14":"first","15":"instock","16":"shipping-taxable","17":"product-type-simple"},"_links":{"self":[{"href":"https:\/\/tecklab.com.br\/temporario1\/wp-json\/wp\/v2\/product\/442","targetHints":{"allow":["GET"]}}],"collection":[{"href":"https:\/\/tecklab.com.br\/temporario1\/wp-json\/wp\/v2\/product"}],"about":[{"href":"https:\/\/tecklab.com.br\/temporario1\/wp-json\/wp\/v2\/types\/product"}],"replies":[{"embeddable":true,"href":"https:\/\/tecklab.com.br\/temporario1\/wp-json\/wp\/v2\/comments?post=442"}],"wp:featuredmedia":[{"embeddable":true,"href":"https:\/\/tecklab.com.br\/temporario1\/wp-json\/wp\/v2\/media\/706"}],"wp:attachment":[{"href":"https:\/\/tecklab.com.br\/temporario1\/wp-json\/wp\/v2\/media?parent=442"}],"wp:term":[{"taxonomy":"product_brand","embeddable":true,"href":"https:\/\/tecklab.com.br\/temporario1\/wp-json\/wp\/v2\/product_brand?post=442"},{"taxonomy":"product_cat","embeddable":true,"href":"https:\/\/tecklab.com.br\/temporario1\/wp-json\/wp\/v2\/product_cat?post=442"},{"taxonomy":"product_tag","embeddable":true,"href":"https:\/\/tecklab.com.br\/temporario1\/wp-json\/wp\/v2\/product_tag?post=442"}],"curies":[{"name":"wp","href":"https:\/\/api.w.org\/{rel}","templated":true}]}}