{"id":453,"date":"2025-11-02T10:05:46","date_gmt":"2025-11-02T13:05:46","guid":{"rendered":"https:\/\/tecklab.com.br\/temporario1\/?post_type=product&#038;p=453"},"modified":"2025-11-14T13:46:30","modified_gmt":"2025-11-14T16:46:30","slug":"naturale-mate-supra-11008","status":"publish","type":"product","link":"https:\/\/tecklab.com.br\/temporario1\/produto\/naturale-mate-supra-11008\/","title":{"rendered":"Naturale Mate Supra &#8211; 11008"},"content":{"rendered":"<div>\n<h2>Descri\u00e7\u00e3o do produto<\/h2>\n<\/div>\n<table>\n<tbody>\n<tr>\n<td><strong>Nome:<\/strong><\/td>\n<td>Naturale Mate Supra<\/td>\n<\/tr>\n<tr>\n<td><strong>C\u00f3digo:<\/strong><\/td>\n<td>11008<\/td>\n<\/tr>\n<tr>\n<td><strong>Piso ou Parede:<\/strong><\/td>\n<td>Parede, Piso<\/td>\n<\/tr>\n<tr>\n<td><strong>Tamanho:<\/strong><\/td>\n<td>21x123cm<\/td>\n<\/tr>\n<tr>\n<td><strong>Quantidade de faces:<\/strong><\/td>\n<td>12<\/td>\n<\/tr>\n<tr>\n<td><strong>Local de Uso:<\/strong><\/td>\n<td>LD &#8211; Alto Tr\u00e1fego:\u00a0Ambientes residenciais e comerciais com alto tr\u00e1fego de pessoas. Recomendado para locais onde n\u00e3o se requer resist\u00eancia ao escorregamento (COF &lt; 0,4).<\/td>\n<\/tr>\n<tr>\n<td><strong>Linha<\/strong><\/td>\n<td>Madeira<\/td>\n<\/tr>\n<tr>\n<td><strong>Tipologia:<\/strong><\/td>\n<td>Mate<\/td>\n<\/tr>\n<tr>\n<td><strong>m\u00b2 por Caixa:<\/strong><\/td>\n<td>1,80 m\u00b2<\/td>\n<\/tr>\n<tr>\n<td><strong>Varia\u00e7\u00e3o de Tonalidade e Desenho:<\/strong><\/td>\n<td>V2 &#8211; Baixa<\/td>\n<\/tr>\n<tr>\n<td><strong>Retificado:<\/strong><\/td>\n<td>Sim<\/td>\n<\/tr>\n<tr>\n<td><strong>Pe\u00e7as por Caixa:<\/strong><\/td>\n<td>7<\/td>\n<\/tr>\n<tr>\n<td><strong>Junta M\u00ednima:<\/strong><\/td>\n<td>2 mm<\/td>\n<\/tr>\n<\/tbody>\n<\/table>\n","protected":false},"excerpt":{"rendered":"<p>Descri\u00e7\u00e3o do produto Nome: Naturale Mate Supra C\u00f3digo: 11008 Piso ou Parede: Parede, Piso Tamanho: 21x123cm Quantidade de faces: 12 Local de Uso: LD &#8211; Alto Tr\u00e1fego:\u00a0Ambientes residenciais e comerciais com alto tr\u00e1fego de pessoas. Recomendado para locais onde n\u00e3o se requer resist\u00eancia ao escorregamento (COF &lt; 0,4). Linha Madeira Tipologia: Mate m\u00b2 por Caixa: [&hellip;]<\/p>\n","protected":false},"featured_media":725,"comment_status":"open","ping_status":"closed","template":"","meta":[],"product_brand":[31],"product_cat":[64,49,50,21,58],"product_tag":[89],"class_list":{"0":"post-453","1":"product","2":"type-product","3":"status-publish","4":"has-post-thumbnail","6":"product_brand-embramaco","7":"product_cat-mate","8":"product_cat-parede","9":"product_cat-piso","10":"product_cat-pisos-e-porcelanatos","11":"product_cat-retificados","12":"product_tag-madeira","14":"first","15":"instock","16":"shipping-taxable","17":"product-type-simple"},"_links":{"self":[{"href":"https:\/\/tecklab.com.br\/temporario1\/wp-json\/wp\/v2\/product\/453","targetHints":{"allow":["GET"]}}],"collection":[{"href":"https:\/\/tecklab.com.br\/temporario1\/wp-json\/wp\/v2\/product"}],"about":[{"href":"https:\/\/tecklab.com.br\/temporario1\/wp-json\/wp\/v2\/types\/product"}],"replies":[{"embeddable":true,"href":"https:\/\/tecklab.com.br\/temporario1\/wp-json\/wp\/v2\/comments?post=453"}],"wp:featuredmedia":[{"embeddable":true,"href":"https:\/\/tecklab.com.br\/temporario1\/wp-json\/wp\/v2\/media\/725"}],"wp:attachment":[{"href":"https:\/\/tecklab.com.br\/temporario1\/wp-json\/wp\/v2\/media?parent=453"}],"wp:term":[{"taxonomy":"product_brand","embeddable":true,"href":"https:\/\/tecklab.com.br\/temporario1\/wp-json\/wp\/v2\/product_brand?post=453"},{"taxonomy":"product_cat","embeddable":true,"href":"https:\/\/tecklab.com.br\/temporario1\/wp-json\/wp\/v2\/product_cat?post=453"},{"taxonomy":"product_tag","embeddable":true,"href":"https:\/\/tecklab.com.br\/temporario1\/wp-json\/wp\/v2\/product_tag?post=453"}],"curies":[{"name":"wp","href":"https:\/\/api.w.org\/{rel}","templated":true}]}}