{"id":545,"date":"2025-11-03T08:21:44","date_gmt":"2025-11-03T11:21:44","guid":{"rendered":"https:\/\/tecklab.com.br\/temporario1\/?post_type=product&#038;p=545"},"modified":"2025-11-14T16:14:12","modified_gmt":"2025-11-14T19:14:12","slug":"ice-snow-83207","status":"publish","type":"product","link":"https:\/\/tecklab.com.br\/temporario1\/produto\/ice-snow-83207\/","title":{"rendered":"Ice Snow &#8211; 83207"},"content":{"rendered":"<h2>Descri\u00e7\u00e3o do produto<\/h2>\n<table>\n<tbody>\n<tr>\n<td><strong>Nome:<\/strong><\/td>\n<td>Ice Snow<\/td>\n<\/tr>\n<tr>\n<td><strong>C\u00f3digo:<\/strong><\/td>\n<td>83207<\/td>\n<\/tr>\n<tr>\n<td><strong>Piso ou Parede:<\/strong><\/td>\n<td>Parede, Piso<\/td>\n<\/tr>\n<tr>\n<td><strong>Tamanho:<\/strong><\/td>\n<td><span class=\"\">83 cm x 83 cm<\/span><\/td>\n<\/tr>\n<tr>\n<td><strong>Quantidade de faces:<\/strong><\/td>\n<td>6<\/td>\n<\/tr>\n<tr>\n<td><strong>Local de Uso:<\/strong><\/td>\n<td>LD &#8211; Alto Tr\u00e1fego<\/td>\n<\/tr>\n<tr>\n<td><strong>Linha<\/strong><\/td>\n<td>Cole\u00e7\u00e3o Urbanos<\/td>\n<\/tr>\n<tr>\n<td><strong>Tipologia:<\/strong><\/td>\n<td>Acetinado<\/td>\n<\/tr>\n<tr>\n<td><strong>m\u00b2 por Caixa:<\/strong><\/td>\n<td><span class=\"\">2,07 m\u00b2<\/span><\/td>\n<\/tr>\n<tr>\n<td><strong>Varia\u00e7\u00e3o de Tonalidade e Desenho:<\/strong><\/td>\n<td>V3 &#8211; Varia\u00e7\u00e3o Moderada<\/td>\n<\/tr>\n<tr>\n<td><strong>Retificado:<\/strong><\/td>\n<td>Sim<\/td>\n<\/tr>\n<tr>\n<td><strong>Pe\u00e7as por Caixa:<\/strong><\/td>\n<td>3<\/td>\n<\/tr>\n<tr>\n<td><strong>Junta M\u00ednima:<\/strong><\/td>\n<td>1,5 mm<\/td>\n<\/tr>\n<\/tbody>\n<\/table>\n","protected":false},"excerpt":{"rendered":"<p>Descri\u00e7\u00e3o do produto Nome: Ice Snow C\u00f3digo: 83207 Piso ou Parede: Parede, Piso Tamanho: 83 cm x 83 cm Quantidade de faces: 6 Local de Uso: LD &#8211; Alto Tr\u00e1fego Linha Cole\u00e7\u00e3o Urbanos Tipologia: Acetinado m\u00b2 por Caixa: 2,07 m\u00b2 Varia\u00e7\u00e3o de Tonalidade e Desenho: V3 &#8211; Varia\u00e7\u00e3o Moderada Retificado: Sim Pe\u00e7as por Caixa: 3 [&hellip;]<\/p>\n","protected":false},"featured_media":900,"comment_status":"open","ping_status":"closed","template":"","meta":[],"product_brand":[72],"product_cat":[38,49,50,21,58],"product_tag":[99],"class_list":{"0":"post-545","1":"product","2":"type-product","3":"status-publish","4":"has-post-thumbnail","6":"product_brand-damme","7":"product_cat-acetinados","8":"product_cat-parede","9":"product_cat-piso","10":"product_cat-pisos-e-porcelanatos","11":"product_cat-retificados","12":"product_tag-colecao-urbanos","14":"first","15":"instock","16":"shipping-taxable","17":"product-type-simple"},"_links":{"self":[{"href":"https:\/\/tecklab.com.br\/temporario1\/wp-json\/wp\/v2\/product\/545","targetHints":{"allow":["GET"]}}],"collection":[{"href":"https:\/\/tecklab.com.br\/temporario1\/wp-json\/wp\/v2\/product"}],"about":[{"href":"https:\/\/tecklab.com.br\/temporario1\/wp-json\/wp\/v2\/types\/product"}],"replies":[{"embeddable":true,"href":"https:\/\/tecklab.com.br\/temporario1\/wp-json\/wp\/v2\/comments?post=545"}],"wp:featuredmedia":[{"embeddable":true,"href":"https:\/\/tecklab.com.br\/temporario1\/wp-json\/wp\/v2\/media\/900"}],"wp:attachment":[{"href":"https:\/\/tecklab.com.br\/temporario1\/wp-json\/wp\/v2\/media?parent=545"}],"wp:term":[{"taxonomy":"product_brand","embeddable":true,"href":"https:\/\/tecklab.com.br\/temporario1\/wp-json\/wp\/v2\/product_brand?post=545"},{"taxonomy":"product_cat","embeddable":true,"href":"https:\/\/tecklab.com.br\/temporario1\/wp-json\/wp\/v2\/product_cat?post=545"},{"taxonomy":"product_tag","embeddable":true,"href":"https:\/\/tecklab.com.br\/temporario1\/wp-json\/wp\/v2\/product_tag?post=545"}],"curies":[{"name":"wp","href":"https:\/\/api.w.org\/{rel}","templated":true}]}}