{"id":583,"date":"2025-11-03T11:38:01","date_gmt":"2025-11-03T14:38:01","guid":{"rendered":"https:\/\/tecklab.com.br\/temporario1\/?post_type=product&#038;p=583"},"modified":"2025-11-22T13:58:58","modified_gmt":"2025-11-22T16:58:58","slug":"barcelona-plata-2203","status":"publish","type":"product","link":"https:\/\/tecklab.com.br\/temporario1\/produto\/barcelona-plata-2203\/","title":{"rendered":"Barcelona Plata &#8211; 2203"},"content":{"rendered":"<div><\/div>\n<div>\n<h2>Descri\u00e7\u00e3o do produto<\/h2>\n<table>\n<tbody>\n<tr>\n<td><strong>Nome:<\/strong><\/td>\n<td>Barcelona Plata<\/td>\n<\/tr>\n<tr>\n<td><strong>C\u00f3digo:<\/strong><\/td>\n<td>2203<\/td>\n<\/tr>\n<tr>\n<td><strong>Piso ou Parede:<\/strong><\/td>\n<td>Parede, Piso<\/td>\n<\/tr>\n<tr>\n<td><strong>Tamanho:<\/strong><\/td>\n<td>84&#215;84 cm<\/td>\n<\/tr>\n<tr>\n<td><strong>Quantidade de faces:<\/strong><\/td>\n<td><\/td>\n<\/tr>\n<tr>\n<td><strong>Local de Uso:<\/strong><\/td>\n<td>HT &#8211; Ambientes residenciais, garagens e varandas, com ou sem acesso a \u00e1reas externas e ambientes comerciais sem acesso a \u00e1reas externas.<\/td>\n<\/tr>\n<tr>\n<td><strong>Linha<\/strong><\/td>\n<td>Delta Porcelanato Intense<\/td>\n<\/tr>\n<tr>\n<td><strong>Tipologia:<\/strong><\/td>\n<td>Acetinado<\/td>\n<\/tr>\n<tr>\n<td><strong>m\u00b2 por Caixa:<\/strong><\/td>\n<td>2,80<\/td>\n<\/tr>\n<tr>\n<td><strong>Varia\u00e7\u00e3o de Tonalidade e Desenho:<\/strong><\/td>\n<td>V2<\/td>\n<\/tr>\n<tr>\n<td><strong>Retificado:<\/strong><\/td>\n<td>Sim<\/td>\n<\/tr>\n<tr>\n<td><strong>Pe\u00e7as por Caixa:<\/strong><\/td>\n<td>4<\/td>\n<\/tr>\n<tr>\n<td><strong>Junta M\u00ednima:<\/strong><\/td>\n<td>2 mm<\/td>\n<\/tr>\n<\/tbody>\n<\/table>\n<\/div>\n","protected":false},"excerpt":{"rendered":"<p>Descri\u00e7\u00e3o do produto Nome: Barcelona Plata C\u00f3digo: 2203 Piso ou Parede: Parede, Piso Tamanho: 84&#215;84 cm Quantidade de faces: Local de Uso: HT &#8211; Ambientes residenciais, garagens e varandas, com ou sem acesso a \u00e1reas externas e ambientes comerciais sem acesso a \u00e1reas externas. Linha Delta Porcelanato Intense Tipologia: Acetinado m\u00b2 por Caixa: 2,80 Varia\u00e7\u00e3o [&hellip;]<\/p>\n","protected":false},"featured_media":991,"comment_status":"open","ping_status":"closed","template":"","meta":[],"product_brand":[78],"product_cat":[38,49,50,21,58],"product_tag":[100],"class_list":{"0":"post-583","1":"product","2":"type-product","3":"status-publish","4":"has-post-thumbnail","6":"product_brand-delta-porcelanatos","7":"product_cat-acetinados","8":"product_cat-parede","9":"product_cat-piso","10":"product_cat-pisos-e-porcelanatos","11":"product_cat-retificados","12":"product_tag-porcelanato-intense","14":"first","15":"instock","16":"shipping-taxable","17":"product-type-simple"},"_links":{"self":[{"href":"https:\/\/tecklab.com.br\/temporario1\/wp-json\/wp\/v2\/product\/583","targetHints":{"allow":["GET"]}}],"collection":[{"href":"https:\/\/tecklab.com.br\/temporario1\/wp-json\/wp\/v2\/product"}],"about":[{"href":"https:\/\/tecklab.com.br\/temporario1\/wp-json\/wp\/v2\/types\/product"}],"replies":[{"embeddable":true,"href":"https:\/\/tecklab.com.br\/temporario1\/wp-json\/wp\/v2\/comments?post=583"}],"wp:featuredmedia":[{"embeddable":true,"href":"https:\/\/tecklab.com.br\/temporario1\/wp-json\/wp\/v2\/media\/991"}],"wp:attachment":[{"href":"https:\/\/tecklab.com.br\/temporario1\/wp-json\/wp\/v2\/media?parent=583"}],"wp:term":[{"taxonomy":"product_brand","embeddable":true,"href":"https:\/\/tecklab.com.br\/temporario1\/wp-json\/wp\/v2\/product_brand?post=583"},{"taxonomy":"product_cat","embeddable":true,"href":"https:\/\/tecklab.com.br\/temporario1\/wp-json\/wp\/v2\/product_cat?post=583"},{"taxonomy":"product_tag","embeddable":true,"href":"https:\/\/tecklab.com.br\/temporario1\/wp-json\/wp\/v2\/product_tag?post=583"}],"curies":[{"name":"wp","href":"https:\/\/api.w.org\/{rel}","templated":true}]}}