{"id":611,"date":"2025-11-03T12:42:44","date_gmt":"2025-11-03T15:42:44","guid":{"rendered":"https:\/\/tecklab.com.br\/temporario1\/?post_type=product&#038;p=611"},"modified":"2025-11-22T14:30:19","modified_gmt":"2025-11-22T17:30:19","slug":"arvorio-polido-2100","status":"publish","type":"product","link":"https:\/\/tecklab.com.br\/temporario1\/produto\/arvorio-polido-2100\/","title":{"rendered":"Arv\u00f3rio Polido &#8211; 2100"},"content":{"rendered":"<div><\/div>\n<div>\n<h2>Descri\u00e7\u00e3o do produto<\/h2>\n<table>\n<tbody>\n<tr>\n<td><strong>Nome:<\/strong><\/td>\n<td>Arv\u00f3rio Polido<\/td>\n<\/tr>\n<tr>\n<td><strong>C\u00f3digo:<\/strong><\/td>\n<td>2100<\/td>\n<\/tr>\n<tr>\n<td><strong>Piso ou Parede:<\/strong><\/td>\n<td>Parede, Piso<\/td>\n<\/tr>\n<tr>\n<td><strong>Tamanho:<\/strong><\/td>\n<td>62&#215;62 cm<\/td>\n<\/tr>\n<tr>\n<td><strong>Quantidade de faces:<\/strong><\/td>\n<td><\/td>\n<\/tr>\n<tr>\n<td><strong>Local de Uso:<\/strong><\/td>\n<td>TP &#8211; \u00c1reas residenciais e comerciais internas com alto tr\u00e1fego de pessoas, resguardando-se da presen\u00e7a de res\u00edduos como areia, materiais abrasivos, met\u00e1licos ou similares, bem como arrastes de objetos. Produto n\u00e3o indicado para cal\u00e7adas, rampas, escadas, \u00e1rea de exposi\u00e7\u00e3o\/perman\u00eancia de ve\u00edculos, fachadas e entorno de piscinas.<\/td>\n<\/tr>\n<tr>\n<td><strong>Linha<\/strong><\/td>\n<td>Delta Porcelanato Tecno<\/td>\n<\/tr>\n<tr>\n<td><strong>Tipologia:<\/strong><\/td>\n<td>Polido n\u00e3o esmaltado<\/td>\n<\/tr>\n<tr>\n<td><strong>m\u00b2 por Caixa:<\/strong><\/td>\n<td>2,69<\/td>\n<\/tr>\n<tr>\n<td><strong>Varia\u00e7\u00e3o de Tonalidade e Desenho:<\/strong><\/td>\n<td>V1<\/td>\n<\/tr>\n<tr>\n<td><strong>Retificado:<\/strong><\/td>\n<td>Sim<\/td>\n<\/tr>\n<tr>\n<td><strong>Pe\u00e7as por Caixa:<\/strong><\/td>\n<td>7<\/td>\n<\/tr>\n<tr>\n<td><strong>Junta M\u00ednima:<\/strong><\/td>\n<td>2 mm<\/td>\n<\/tr>\n<\/tbody>\n<\/table>\n<\/div>\n","protected":false},"excerpt":{"rendered":"<p>Descri\u00e7\u00e3o do produto Nome: Arv\u00f3rio Polido C\u00f3digo: 2100 Piso ou Parede: Parede, Piso Tamanho: 62&#215;62 cm Quantidade de faces: Local de Uso: TP &#8211; \u00c1reas residenciais e comerciais internas com alto tr\u00e1fego de pessoas, resguardando-se da presen\u00e7a de res\u00edduos como areia, materiais abrasivos, met\u00e1licos ou similares, bem como arrastes de objetos. Produto n\u00e3o indicado para [&hellip;]<\/p>\n","protected":false},"featured_media":1022,"comment_status":"open","ping_status":"closed","template":"","meta":[],"product_brand":[78],"product_cat":[49,50,21,40,58],"product_tag":[105],"class_list":{"0":"post-611","1":"product","2":"type-product","3":"status-publish","4":"has-post-thumbnail","6":"product_brand-delta-porcelanatos","7":"product_cat-parede","8":"product_cat-piso","9":"product_cat-pisos-e-porcelanatos","10":"product_cat-polidos","11":"product_cat-retificados","12":"product_tag-porcelanato-tecno","14":"first","15":"instock","16":"shipping-taxable","17":"product-type-simple"},"_links":{"self":[{"href":"https:\/\/tecklab.com.br\/temporario1\/wp-json\/wp\/v2\/product\/611","targetHints":{"allow":["GET"]}}],"collection":[{"href":"https:\/\/tecklab.com.br\/temporario1\/wp-json\/wp\/v2\/product"}],"about":[{"href":"https:\/\/tecklab.com.br\/temporario1\/wp-json\/wp\/v2\/types\/product"}],"replies":[{"embeddable":true,"href":"https:\/\/tecklab.com.br\/temporario1\/wp-json\/wp\/v2\/comments?post=611"}],"wp:featuredmedia":[{"embeddable":true,"href":"https:\/\/tecklab.com.br\/temporario1\/wp-json\/wp\/v2\/media\/1022"}],"wp:attachment":[{"href":"https:\/\/tecklab.com.br\/temporario1\/wp-json\/wp\/v2\/media?parent=611"}],"wp:term":[{"taxonomy":"product_brand","embeddable":true,"href":"https:\/\/tecklab.com.br\/temporario1\/wp-json\/wp\/v2\/product_brand?post=611"},{"taxonomy":"product_cat","embeddable":true,"href":"https:\/\/tecklab.com.br\/temporario1\/wp-json\/wp\/v2\/product_cat?post=611"},{"taxonomy":"product_tag","embeddable":true,"href":"https:\/\/tecklab.com.br\/temporario1\/wp-json\/wp\/v2\/product_tag?post=611"}],"curies":[{"name":"wp","href":"https:\/\/api.w.org\/{rel}","templated":true}]}}